{"id":990,"date":"2022-04-26T13:45:18","date_gmt":"2022-04-26T13:45:18","guid":{"rendered":"https:\/\/casaingcosur.com\/?post_type=product&#038;p=990"},"modified":"2022-04-26T14:16:14","modified_gmt":"2022-04-26T14:16:14","slug":"rotomartillo-1-5j-20v-ingco","status":"publish","type":"product","link":"https:\/\/casaingcosur.com\/?product=rotomartillo-1-5j-20v-ingco","title":{"rendered":"ROTOMARTILLO 1.5J 20V INGCO"},"content":{"rendered":"<p>Voltaje: 20V<br \/>\nVelocidad sin carga: 0-900 \/ min<br \/>\nTasa de impacto: 0-5100bpm<br \/>\nFuerza de impacto simple: 1.5J<br \/>\nCapacidad m\u00e1xima de perforaci\u00f3n: &amp; Phi; 13<br \/>\nen concreto<br \/>\nLuz de trabajo integrada<br \/>\nCon 3pcs taladros SDS-plus<\/p>\n<p>Incluye cargador y Bater\u00eda<\/p>\n","protected":false},"excerpt":{"rendered":"<p>Voltaje: 20V Velocidad sin carga: 0-900 \/ min Tasa de impacto: 0-5100bpm Fuerza de impacto simple: 1.5J Capacidad m\u00e1xima de perforaci\u00f3n: &amp; Phi; 13 en concreto Luz de trabajo integrada Con 3pcs taladros SDS-plus Incluye cargador y Bater\u00eda<\/p>\n","protected":false},"featured_media":1018,"comment_status":"open","ping_status":"closed","template":"","meta":[],"product_cat":[80,19],"product_tag":[],"class_list":{"0":"post-990","1":"product","2":"type-product","3":"status-publish","4":"has-post-thumbnail","6":"product_cat-20v","7":"product_cat-taladros-rotomartillo","8":"thunk-woo-product-list","9":"opn-qv-enable","10":"open-woo-hover-","11":"open-single-product-tab-horizontal","12":"open-shadow-","13":"open-shadow-hover-","15":"first","16":"instock","17":"shipping-taxable","18":"purchasable","19":"product-type-simple"},"_links":{"self":[{"href":"https:\/\/casaingcosur.com\/index.php?rest_route=\/wp\/v2\/product\/990","targetHints":{"allow":["GET"]}}],"collection":[{"href":"https:\/\/casaingcosur.com\/index.php?rest_route=\/wp\/v2\/product"}],"about":[{"href":"https:\/\/casaingcosur.com\/index.php?rest_route=\/wp\/v2\/types\/product"}],"replies":[{"embeddable":true,"href":"https:\/\/casaingcosur.com\/index.php?rest_route=%2Fwp%2Fv2%2Fcomments&post=990"}],"wp:featuredmedia":[{"embeddable":true,"href":"https:\/\/casaingcosur.com\/index.php?rest_route=\/wp\/v2\/media\/1018"}],"wp:attachment":[{"href":"https:\/\/casaingcosur.com\/index.php?rest_route=%2Fwp%2Fv2%2Fmedia&parent=990"}],"wp:term":[{"taxonomy":"product_cat","embeddable":true,"href":"https:\/\/casaingcosur.com\/index.php?rest_route=%2Fwp%2Fv2%2Fproduct_cat&post=990"},{"taxonomy":"product_tag","embeddable":true,"href":"https:\/\/casaingcosur.com\/index.php?rest_route=%2Fwp%2Fv2%2Fproduct_tag&post=990"}],"curies":[{"name":"wp","href":"https:\/\/api.w.org\/{rel}","templated":true}]}}