{"id":985,"date":"2022-04-26T13:45:18","date_gmt":"2022-04-26T13:45:18","guid":{"rendered":"https:\/\/casaingcosur.com\/?post_type=product&#038;p=985"},"modified":"2022-04-26T14:16:14","modified_gmt":"2022-04-26T14:16:14","slug":"pistola-rociadora-electrica-350w-ingco","status":"publish","type":"product","link":"https:\/\/casaingcosur.com\/?product=pistola-rociadora-electrica-350w-ingco","title":{"rendered":"PISTOLA ROCIADORA ELECTRICA 350W INGCO"},"content":{"rendered":"<p>Voltaje: 110-120V ~ 60Hz<br \/>\nPotencia de entrada: 350W<br \/>\nPresi\u00f3n de pulverizaci\u00f3n: 0.1-0.2 Bar<br \/>\nFlujo m\u00e1ximo: 380ml \/ min<br \/>\nMax. viscosidad: 50din-s<br \/>\nCapacidad del contenedor: 800 ml.<br \/>\nAccesorios:<br \/>\nTaza de medici\u00f3n de viscosidad 1x<br \/>\n1x aguja de limpieza de boquilla<\/p>\n","protected":false},"excerpt":{"rendered":"<p>Voltaje: 110-120V ~ 60Hz Potencia de entrada: 350W Presi\u00f3n de pulverizaci\u00f3n: 0.1-0.2 Bar Flujo m\u00e1ximo: 380ml \/ min Max. viscosidad: 50din-s Capacidad del contenedor: 800 ml. Accesorios: Taza de medici\u00f3n de viscosidad 1x 1x aguja de limpieza de boquilla<\/p>\n","protected":false},"featured_media":1014,"comment_status":"open","ping_status":"closed","template":"","meta":[],"product_cat":[18,82],"product_tag":[],"class_list":{"0":"post-985","1":"product","2":"type-product","3":"status-publish","4":"has-post-thumbnail","6":"product_cat-herramientas-electricas","7":"product_cat-pistolas-rociadoras","8":"thunk-woo-product-list","9":"opn-qv-enable","10":"open-woo-hover-","11":"open-single-product-tab-horizontal","12":"open-shadow-","13":"open-shadow-hover-","15":"first","16":"instock","17":"shipping-taxable","18":"purchasable","19":"product-type-simple"},"_links":{"self":[{"href":"https:\/\/casaingcosur.com\/index.php?rest_route=\/wp\/v2\/product\/985","targetHints":{"allow":["GET"]}}],"collection":[{"href":"https:\/\/casaingcosur.com\/index.php?rest_route=\/wp\/v2\/product"}],"about":[{"href":"https:\/\/casaingcosur.com\/index.php?rest_route=\/wp\/v2\/types\/product"}],"replies":[{"embeddable":true,"href":"https:\/\/casaingcosur.com\/index.php?rest_route=%2Fwp%2Fv2%2Fcomments&post=985"}],"wp:featuredmedia":[{"embeddable":true,"href":"https:\/\/casaingcosur.com\/index.php?rest_route=\/wp\/v2\/media\/1014"}],"wp:attachment":[{"href":"https:\/\/casaingcosur.com\/index.php?rest_route=%2Fwp%2Fv2%2Fmedia&parent=985"}],"wp:term":[{"taxonomy":"product_cat","embeddable":true,"href":"https:\/\/casaingcosur.com\/index.php?rest_route=%2Fwp%2Fv2%2Fproduct_cat&post=985"},{"taxonomy":"product_tag","embeddable":true,"href":"https:\/\/casaingcosur.com\/index.php?rest_route=%2Fwp%2Fv2%2Fproduct_tag&post=985"}],"curies":[{"name":"wp","href":"https:\/\/api.w.org\/{rel}","templated":true}]}}