{"id":98,"date":"2022-04-26T13:41:33","date_gmt":"2022-04-26T13:41:33","guid":{"rendered":"https:\/\/casaingcosur.com\/?post_type=product&#038;p=98"},"modified":"2022-04-26T14:15:50","modified_gmt":"2022-04-26T14:15:50","slug":"sierra-de-podar-industrial-300mm-ingco","status":"publish","type":"product","link":"https:\/\/casaingcosur.com\/?product=sierra-de-podar-industrial-300mm-ingco","title":{"rendered":"SIERRA DE PODAR INDUSTRIAL 300MM INGCO"},"content":{"rendered":"<p>Tama\u00f1o: 12 \u00ab\/ 300mm<br \/>\nMaterial: Taiw\u00e1n SK5<br \/>\n7TPI, dientes de tratamiento t\u00e9rmico<br \/>\nDientes triples (Dientes de tierra de precisi\u00f3n 3 bordes)<br \/>\nCorte r\u00e1pido y larga vida<br \/>\nIgual que el nivel de calidad STANLEY<\/p>\n","protected":false},"excerpt":{"rendered":"<p>Tama\u00f1o: 12 \u00ab\/ 300mm Material: Taiw\u00e1n SK5 7TPI, dientes de tratamiento t\u00e9rmico Dientes triples (Dientes de tierra de precisi\u00f3n 3 bordes) Corte r\u00e1pido y larga vida Igual que el nivel de calidad STANLEY<\/p>\n","protected":false},"featured_media":126,"comment_status":"open","ping_status":"closed","template":"","meta":[],"product_cat":[35],"product_tag":[],"class_list":{"0":"post-98","1":"product","2":"type-product","3":"status-publish","4":"has-post-thumbnail","6":"product_cat-herramientas-de-jardineria","7":"thunk-woo-product-list","8":"opn-qv-enable","9":"open-woo-hover-","10":"open-single-product-tab-horizontal","11":"open-shadow-","12":"open-shadow-hover-","14":"first","15":"instock","16":"shipping-taxable","17":"purchasable","18":"product-type-simple"},"_links":{"self":[{"href":"https:\/\/casaingcosur.com\/index.php?rest_route=\/wp\/v2\/product\/98","targetHints":{"allow":["GET"]}}],"collection":[{"href":"https:\/\/casaingcosur.com\/index.php?rest_route=\/wp\/v2\/product"}],"about":[{"href":"https:\/\/casaingcosur.com\/index.php?rest_route=\/wp\/v2\/types\/product"}],"replies":[{"embeddable":true,"href":"https:\/\/casaingcosur.com\/index.php?rest_route=%2Fwp%2Fv2%2Fcomments&post=98"}],"wp:featuredmedia":[{"embeddable":true,"href":"https:\/\/casaingcosur.com\/index.php?rest_route=\/wp\/v2\/media\/126"}],"wp:attachment":[{"href":"https:\/\/casaingcosur.com\/index.php?rest_route=%2Fwp%2Fv2%2Fmedia&parent=98"}],"wp:term":[{"taxonomy":"product_cat","embeddable":true,"href":"https:\/\/casaingcosur.com\/index.php?rest_route=%2Fwp%2Fv2%2Fproduct_cat&post=98"},{"taxonomy":"product_tag","embeddable":true,"href":"https:\/\/casaingcosur.com\/index.php?rest_route=%2Fwp%2Fv2%2Fproduct_tag&post=98"}],"curies":[{"name":"wp","href":"https:\/\/api.w.org\/{rel}","templated":true}]}}