{"id":975,"date":"2022-04-26T13:45:17","date_gmt":"2022-04-26T13:45:17","guid":{"rendered":"https:\/\/casaingcosur.com\/?post_type=product&#038;p=975"},"modified":"2022-04-26T14:16:14","modified_gmt":"2022-04-26T14:16:14","slug":"pinza-amperimetrica-digital-6000-cuentas-ingco","status":"publish","type":"product","link":"https:\/\/casaingcosur.com\/?product=pinza-amperimetrica-digital-6000-cuentas-ingco","title":{"rendered":"PINZA AMPERIM\u00c9TRICA DIGITAL 6000 CUENTAS INGCO"},"content":{"rendered":"<p>6000 cuentas<br \/>\nRetenci\u00f3n de datos<br \/>\nCorriente CA: 6A \/ 60A \/ 600A \/ \u00b1 (2.5% +8)<br \/>\nVoltaje de CA: 0.1 ~ 600V \u00b1 (0.8% +5)<br \/>\nVoltaje DC: 0.1 ~ 600V \u00b1 (0.5% +3)<br \/>\nResistencia: 0 ~ 60k\u03a9 \u00b1 (0.8% +3)<br \/>\nCon funci\u00f3n de retroiluminaci\u00f3n<br \/>\nCon funci\u00f3n de luz de flash<br \/>\nCon funci\u00f3n de indicaci\u00f3n de bater\u00eda m\u00e1s<br \/>\nbaja<br \/>\nEmbalado por caja de color<\/p>\n","protected":false},"excerpt":{"rendered":"<p>6000 cuentas Retenci\u00f3n de datos Corriente CA: 6A \/ 60A \/ 600A \/ \u00b1 (2.5% +8) Voltaje de CA: 0.1 ~ 600V \u00b1 (0.8% +5) Voltaje DC: 0.1 ~ 600V \u00b1 (0.5% +3) Resistencia: 0 ~ 60k\u03a9 \u00b1 (0.8% +3) Con funci\u00f3n de retroiluminaci\u00f3n Con funci\u00f3n de luz de flash Con funci\u00f3n de indicaci\u00f3n de &hellip;<\/p>\n<p class=\"read-more\"> <a class=\" thunk-readmore button \" href=\"https:\/\/casaingcosur.com\/?product=pinza-amperimetrica-digital-6000-cuentas-ingco\"> <span class=\"screen-reader-text\">PINZA AMPERIM\u00c9TRICA DIGITAL 6000 CUENTAS INGCO<\/span>Leer m\u00e1s<\/a><\/p>\n","protected":false},"featured_media":1005,"comment_status":"open","ping_status":"closed","template":"","meta":[],"product_cat":[52],"product_tag":[],"class_list":{"0":"post-975","1":"product","2":"type-product","3":"status-publish","4":"has-post-thumbnail","6":"product_cat-herramientas-de-medicion","7":"thunk-woo-product-list","8":"opn-qv-enable","9":"open-woo-hover-","10":"open-single-product-tab-horizontal","11":"open-shadow-","12":"open-shadow-hover-","14":"first","15":"instock","16":"shipping-taxable","17":"purchasable","18":"product-type-simple"},"_links":{"self":[{"href":"https:\/\/casaingcosur.com\/index.php?rest_route=\/wp\/v2\/product\/975","targetHints":{"allow":["GET"]}}],"collection":[{"href":"https:\/\/casaingcosur.com\/index.php?rest_route=\/wp\/v2\/product"}],"about":[{"href":"https:\/\/casaingcosur.com\/index.php?rest_route=\/wp\/v2\/types\/product"}],"replies":[{"embeddable":true,"href":"https:\/\/casaingcosur.com\/index.php?rest_route=%2Fwp%2Fv2%2Fcomments&post=975"}],"wp:featuredmedia":[{"embeddable":true,"href":"https:\/\/casaingcosur.com\/index.php?rest_route=\/wp\/v2\/media\/1005"}],"wp:attachment":[{"href":"https:\/\/casaingcosur.com\/index.php?rest_route=%2Fwp%2Fv2%2Fmedia&parent=975"}],"wp:term":[{"taxonomy":"product_cat","embeddable":true,"href":"https:\/\/casaingcosur.com\/index.php?rest_route=%2Fwp%2Fv2%2Fproduct_cat&post=975"},{"taxonomy":"product_tag","embeddable":true,"href":"https:\/\/casaingcosur.com\/index.php?rest_route=%2Fwp%2Fv2%2Fproduct_tag&post=975"}],"curies":[{"name":"wp","href":"https:\/\/api.w.org\/{rel}","templated":true}]}}