{"id":974,"date":"2022-04-26T13:45:17","date_gmt":"2022-04-26T13:45:17","guid":{"rendered":"https:\/\/casaingcosur.com\/?post_type=product&#038;p=974"},"modified":"2022-04-26T14:16:14","modified_gmt":"2022-04-26T14:16:14","slug":"multimetro-digital-6000-cuentas-ingco","status":"publish","type":"product","link":"https:\/\/casaingcosur.com\/?product=multimetro-digital-6000-cuentas-ingco","title":{"rendered":"MULT\u00cdMETRO DIGITAL 6000 CUENTAS INGCO"},"content":{"rendered":"<p>6000 cuenta verdadero mult\u00edmetro digital<br \/>\nRMS<br \/>\nDetecci\u00f3n de voltaje sin contacto<br \/>\nl\u00ednea viva o l\u00ednea neutral distinguir<br \/>\nVoltaje DC: 600mV \/ 6V \/ 60V \/ 600V \/ 1000V<br \/>\n\u00b1 (0.5% +3)<br \/>\nVoltaje de CA: 6V \/ 60V \u00b1 (0.8% + 3) 600V \/<br \/>\n750V \u00b1 (1.0% + 10)<br \/>\nCorriente DC: 60\u03bcA \/ 60mA \/ 600mA \u00b1 (0.8%<br \/>\n+ 3) 10A \u00b1 (1.2% +3)<br \/>\nCorriente CA: 60mA \/ 600mA \u00b1 (1.0% + 3) 10A<br \/>\n\u00b1 (1.5% +3)<\/p>\n","protected":false},"excerpt":{"rendered":"<p>6000 cuenta verdadero mult\u00edmetro digital RMS Detecci\u00f3n de voltaje sin contacto l\u00ednea viva o l\u00ednea neutral distinguir Voltaje DC: 600mV \/ 6V \/ 60V \/ 600V \/ 1000V \u00b1 (0.5% +3) Voltaje de CA: 6V \/ 60V \u00b1 (0.8% + 3) 600V \/ 750V \u00b1 (1.0% + 10) Corriente DC: 60\u03bcA \/ 60mA \/ 600mA &hellip;<\/p>\n<p class=\"read-more\"> <a class=\" thunk-readmore button \" href=\"https:\/\/casaingcosur.com\/?product=multimetro-digital-6000-cuentas-ingco\"> <span class=\"screen-reader-text\">MULT\u00cdMETRO DIGITAL 6000 CUENTAS INGCO<\/span>Leer m\u00e1s<\/a><\/p>\n","protected":false},"featured_media":1004,"comment_status":"open","ping_status":"closed","template":"","meta":[],"product_cat":[52],"product_tag":[],"class_list":{"0":"post-974","1":"product","2":"type-product","3":"status-publish","4":"has-post-thumbnail","6":"product_cat-herramientas-de-medicion","7":"thunk-woo-product-list","8":"opn-qv-enable","9":"open-woo-hover-","10":"open-single-product-tab-horizontal","11":"open-shadow-","12":"open-shadow-hover-","14":"first","15":"instock","16":"shipping-taxable","17":"purchasable","18":"product-type-simple"},"_links":{"self":[{"href":"https:\/\/casaingcosur.com\/index.php?rest_route=\/wp\/v2\/product\/974","targetHints":{"allow":["GET"]}}],"collection":[{"href":"https:\/\/casaingcosur.com\/index.php?rest_route=\/wp\/v2\/product"}],"about":[{"href":"https:\/\/casaingcosur.com\/index.php?rest_route=\/wp\/v2\/types\/product"}],"replies":[{"embeddable":true,"href":"https:\/\/casaingcosur.com\/index.php?rest_route=%2Fwp%2Fv2%2Fcomments&post=974"}],"wp:featuredmedia":[{"embeddable":true,"href":"https:\/\/casaingcosur.com\/index.php?rest_route=\/wp\/v2\/media\/1004"}],"wp:attachment":[{"href":"https:\/\/casaingcosur.com\/index.php?rest_route=%2Fwp%2Fv2%2Fmedia&parent=974"}],"wp:term":[{"taxonomy":"product_cat","embeddable":true,"href":"https:\/\/casaingcosur.com\/index.php?rest_route=%2Fwp%2Fv2%2Fproduct_cat&post=974"},{"taxonomy":"product_tag","embeddable":true,"href":"https:\/\/casaingcosur.com\/index.php?rest_route=%2Fwp%2Fv2%2Fproduct_tag&post=974"}],"curies":[{"name":"wp","href":"https:\/\/api.w.org\/{rel}","templated":true}]}}