{"id":973,"date":"2022-04-26T13:45:17","date_gmt":"2022-04-26T13:45:17","guid":{"rendered":"https:\/\/casaingcosur.com\/?post_type=product&#038;p=973"},"modified":"2022-04-26T14:16:14","modified_gmt":"2022-04-26T14:16:14","slug":"laser-de-linea-autonivelante","status":"publish","type":"product","link":"https:\/\/casaingcosur.com\/?product=laser-de-linea-autonivelante","title":{"rendered":"L\u00c1SER DE L\u00cdNEA AUTONIVELANTE"},"content":{"rendered":"<p>Rango de trabajo: 0 ~ 15 m<br \/>\nPrecisi\u00f3n de nivelaci\u00f3n: \u00b1 1.5 mm a 5 m<br \/>\nPrecisi\u00f3n de l\u00ednea \u00b1 1.5 mm a 5 m<br \/>\nTiempo de nivelaci\u00f3n &lt;4s<br \/>\n\u00c1ngulo autonivelante \u22644 \u00b0<br \/>\nL\u00e1ser de tipo 650nm<br \/>\nClase de l\u00e1ser &lt;, &lt;1 mW<br \/>\nCon im\u00e1n<br \/>\nCon agujero para colgar<br \/>\nCon funci\u00f3n cruzada l\u00e1ser<\/p>\n","protected":false},"excerpt":{"rendered":"<p>Rango de trabajo: 0 ~ 15 m Precisi\u00f3n de nivelaci\u00f3n: \u00b1 1.5 mm a 5 m Precisi\u00f3n de l\u00ednea \u00b1 1.5 mm a 5 m Tiempo de nivelaci\u00f3n &lt;4s \u00c1ngulo autonivelante \u22644 \u00b0 L\u00e1ser de tipo 650nm Clase de l\u00e1ser &lt;, &lt;1 mW Con im\u00e1n Con agujero para colgar Con funci\u00f3n cruzada l\u00e1ser<\/p>\n","protected":false},"featured_media":1003,"comment_status":"open","ping_status":"closed","template":"","meta":[],"product_cat":[52],"product_tag":[],"class_list":{"0":"post-973","1":"product","2":"type-product","3":"status-publish","4":"has-post-thumbnail","6":"product_cat-herramientas-de-medicion","7":"thunk-woo-product-list","8":"opn-qv-enable","9":"open-woo-hover-","10":"open-single-product-tab-horizontal","11":"open-shadow-","12":"open-shadow-hover-","14":"first","15":"instock","16":"shipping-taxable","17":"purchasable","18":"product-type-simple"},"_links":{"self":[{"href":"https:\/\/casaingcosur.com\/index.php?rest_route=\/wp\/v2\/product\/973","targetHints":{"allow":["GET"]}}],"collection":[{"href":"https:\/\/casaingcosur.com\/index.php?rest_route=\/wp\/v2\/product"}],"about":[{"href":"https:\/\/casaingcosur.com\/index.php?rest_route=\/wp\/v2\/types\/product"}],"replies":[{"embeddable":true,"href":"https:\/\/casaingcosur.com\/index.php?rest_route=%2Fwp%2Fv2%2Fcomments&post=973"}],"wp:featuredmedia":[{"embeddable":true,"href":"https:\/\/casaingcosur.com\/index.php?rest_route=\/wp\/v2\/media\/1003"}],"wp:attachment":[{"href":"https:\/\/casaingcosur.com\/index.php?rest_route=%2Fwp%2Fv2%2Fmedia&parent=973"}],"wp:term":[{"taxonomy":"product_cat","embeddable":true,"href":"https:\/\/casaingcosur.com\/index.php?rest_route=%2Fwp%2Fv2%2Fproduct_cat&post=973"},{"taxonomy":"product_tag","embeddable":true,"href":"https:\/\/casaingcosur.com\/index.php?rest_route=%2Fwp%2Fv2%2Fproduct_tag&post=973"}],"curies":[{"name":"wp","href":"https:\/\/api.w.org\/{rel}","templated":true}]}}