{"id":97,"date":"2022-04-26T13:41:33","date_gmt":"2022-04-26T13:41:33","guid":{"rendered":"https:\/\/casaingcosur.com\/?post_type=product&#038;p=97"},"modified":"2022-04-26T14:15:50","modified_gmt":"2022-04-26T14:15:50","slug":"sierra-de-podar-extensible-330m-industrial-ingco","status":"publish","type":"product","link":"https:\/\/casaingcosur.com\/?product=sierra-de-podar-extensible-330m-industrial-ingco","title":{"rendered":"SIERRA DE PODAR EXTENSIBLE 330M INDUSTRIAL INGCO"},"content":{"rendered":"<p>Igual que el nivel de calidad STANLEY<br \/>\nTama\u00f1o: 13 \u00ab\/ 330 mm<br \/>\nMaterial: Taiw\u00e1n SK5<br \/>\n7TPI, dientes de tratamiento t\u00e9rmico<br \/>\nTriple dientes (dientes de precisi\u00f3n de 3 bordes)<br \/>\nCon la funci\u00f3n de barra de extensi\u00f3n<br \/>\nCorte r\u00e1pido y larga vida<br \/>\nEmbalado por la manga de Color<\/p>\n","protected":false},"excerpt":{"rendered":"<p>Igual que el nivel de calidad STANLEY Tama\u00f1o: 13 \u00ab\/ 330 mm Material: Taiw\u00e1n SK5 7TPI, dientes de tratamiento t\u00e9rmico Triple dientes (dientes de precisi\u00f3n de 3 bordes) Con la funci\u00f3n de barra de extensi\u00f3n Corte r\u00e1pido y larga vida Embalado por la manga de Color<\/p>\n","protected":false},"featured_media":126,"comment_status":"open","ping_status":"closed","template":"","meta":[],"product_cat":[35],"product_tag":[],"class_list":{"0":"post-97","1":"product","2":"type-product","3":"status-publish","4":"has-post-thumbnail","6":"product_cat-herramientas-de-jardineria","7":"thunk-woo-product-list","8":"opn-qv-enable","9":"open-woo-hover-","10":"open-single-product-tab-horizontal","11":"open-shadow-","12":"open-shadow-hover-","14":"first","15":"instock","16":"shipping-taxable","17":"purchasable","18":"product-type-simple"},"_links":{"self":[{"href":"https:\/\/casaingcosur.com\/index.php?rest_route=\/wp\/v2\/product\/97","targetHints":{"allow":["GET"]}}],"collection":[{"href":"https:\/\/casaingcosur.com\/index.php?rest_route=\/wp\/v2\/product"}],"about":[{"href":"https:\/\/casaingcosur.com\/index.php?rest_route=\/wp\/v2\/types\/product"}],"replies":[{"embeddable":true,"href":"https:\/\/casaingcosur.com\/index.php?rest_route=%2Fwp%2Fv2%2Fcomments&post=97"}],"wp:featuredmedia":[{"embeddable":true,"href":"https:\/\/casaingcosur.com\/index.php?rest_route=\/wp\/v2\/media\/126"}],"wp:attachment":[{"href":"https:\/\/casaingcosur.com\/index.php?rest_route=%2Fwp%2Fv2%2Fmedia&parent=97"}],"wp:term":[{"taxonomy":"product_cat","embeddable":true,"href":"https:\/\/casaingcosur.com\/index.php?rest_route=%2Fwp%2Fv2%2Fproduct_cat&post=97"},{"taxonomy":"product_tag","embeddable":true,"href":"https:\/\/casaingcosur.com\/index.php?rest_route=%2Fwp%2Fv2%2Fproduct_tag&post=97"}],"curies":[{"name":"wp","href":"https:\/\/api.w.org\/{rel}","templated":true}]}}