{"id":937,"date":"2022-04-26T13:44:56","date_gmt":"2022-04-26T13:44:56","guid":{"rendered":"https:\/\/casaingcosur.com\/?post_type=product&#038;p=937"},"modified":"2022-04-26T14:16:13","modified_gmt":"2022-04-26T14:16:13","slug":"aspersor-pulsante-2-vias-ingco","status":"publish","type":"product","link":"https:\/\/casaingcosur.com\/?product=aspersor-pulsante-2-vias-ingco","title":{"rendered":"ASPERSOR PULSANTE 2 VIAS INGCO"},"content":{"rendered":"<p>Igual que el nivel de calidad de STANLEY.<br \/>\nAspersor de pulsos de pl\u00e1stico con espiga de<br \/>\npl\u00e1stico de 2 v\u00edas<\/p>\n","protected":false},"excerpt":{"rendered":"<p>Igual que el nivel de calidad de STANLEY. Aspersor de pulsos de pl\u00e1stico con espiga de pl\u00e1stico de 2 v\u00edas<\/p>\n","protected":false},"featured_media":964,"comment_status":"open","ping_status":"closed","template":"","meta":[],"product_cat":[35,36],"product_tag":[],"class_list":{"0":"post-937","1":"product","2":"type-product","3":"status-publish","4":"has-post-thumbnail","6":"product_cat-herramientas-de-jardineria","7":"product_cat-jardineria","8":"thunk-woo-product-list","9":"opn-qv-enable","10":"open-woo-hover-","11":"open-single-product-tab-horizontal","12":"open-shadow-","13":"open-shadow-hover-","15":"first","16":"instock","17":"shipping-taxable","18":"purchasable","19":"product-type-simple"},"_links":{"self":[{"href":"https:\/\/casaingcosur.com\/index.php?rest_route=\/wp\/v2\/product\/937","targetHints":{"allow":["GET"]}}],"collection":[{"href":"https:\/\/casaingcosur.com\/index.php?rest_route=\/wp\/v2\/product"}],"about":[{"href":"https:\/\/casaingcosur.com\/index.php?rest_route=\/wp\/v2\/types\/product"}],"replies":[{"embeddable":true,"href":"https:\/\/casaingcosur.com\/index.php?rest_route=%2Fwp%2Fv2%2Fcomments&post=937"}],"wp:featuredmedia":[{"embeddable":true,"href":"https:\/\/casaingcosur.com\/index.php?rest_route=\/wp\/v2\/media\/964"}],"wp:attachment":[{"href":"https:\/\/casaingcosur.com\/index.php?rest_route=%2Fwp%2Fv2%2Fmedia&parent=937"}],"wp:term":[{"taxonomy":"product_cat","embeddable":true,"href":"https:\/\/casaingcosur.com\/index.php?rest_route=%2Fwp%2Fv2%2Fproduct_cat&post=937"},{"taxonomy":"product_tag","embeddable":true,"href":"https:\/\/casaingcosur.com\/index.php?rest_route=%2Fwp%2Fv2%2Fproduct_tag&post=937"}],"curies":[{"name":"wp","href":"https:\/\/api.w.org\/{rel}","templated":true}]}}