{"id":935,"date":"2022-04-26T13:44:56","date_gmt":"2022-04-26T13:44:56","guid":{"rendered":"https:\/\/casaingcosur.com\/?post_type=product&#038;p=935"},"modified":"2022-04-26T14:16:13","modified_gmt":"2022-04-26T14:16:13","slug":"taladro-de-banco-350w-ingco","status":"publish","type":"product","link":"https:\/\/casaingcosur.com\/?product=taladro-de-banco-350w-ingco","title":{"rendered":"TALADRO DE BANCO 350W INGCO"},"content":{"rendered":"<p>Voltaje: 110-120V ~ 60Hz<br \/>\nPotencia de entrada: 350W<br \/>\nCapacidad de perforaci\u00f3n m\u00e1x .: 1\/2 \u00bb<br \/>\nVelocidad sin carga: 760-3070 rpm<br \/>\nAjustes de velocidad del husillo: 5<br \/>\nHusillo traval: 50mm<br \/>\nDi\u00e1metro de la columna: 46 mm.<br \/>\nMesa de trabajo ajustable<br \/>\nTama\u00f1o de la mesa: 160 * 160 mm<br \/>\nTama\u00f1o de la base: 291 * 183mm<br \/>\nPeso neto: 19Kgs<br \/>\nAltura de la m\u00e1quina: 590mm<\/p>\n","protected":false},"excerpt":{"rendered":"<p>Voltaje: 110-120V ~ 60Hz Potencia de entrada: 350W Capacidad de perforaci\u00f3n m\u00e1x .: 1\/2 \u00bb Velocidad sin carga: 760-3070 rpm Ajustes de velocidad del husillo: 5 Husillo traval: 50mm Di\u00e1metro de la columna: 46 mm. Mesa de trabajo ajustable Tama\u00f1o de la mesa: 160 * 160 mm Tama\u00f1o de la base: 291 * 183mm Peso &hellip;<\/p>\n<p class=\"read-more\"> <a class=\" thunk-readmore button \" href=\"https:\/\/casaingcosur.com\/?product=taladro-de-banco-350w-ingco\"> <span class=\"screen-reader-text\">TALADRO DE BANCO 350W INGCO<\/span>Leer m\u00e1s<\/a><\/p>\n","protected":false},"featured_media":962,"comment_status":"open","ping_status":"closed","template":"","meta":[],"product_cat":[34],"product_tag":[],"class_list":{"0":"post-935","1":"product","2":"type-product","3":"status-publish","4":"has-post-thumbnail","6":"product_cat-herramientas-manuales","7":"thunk-woo-product-list","8":"opn-qv-enable","9":"open-woo-hover-","10":"open-single-product-tab-horizontal","11":"open-shadow-","12":"open-shadow-hover-","14":"first","15":"outofstock","16":"shipping-taxable","17":"purchasable","18":"product-type-simple"},"_links":{"self":[{"href":"https:\/\/casaingcosur.com\/index.php?rest_route=\/wp\/v2\/product\/935","targetHints":{"allow":["GET"]}}],"collection":[{"href":"https:\/\/casaingcosur.com\/index.php?rest_route=\/wp\/v2\/product"}],"about":[{"href":"https:\/\/casaingcosur.com\/index.php?rest_route=\/wp\/v2\/types\/product"}],"replies":[{"embeddable":true,"href":"https:\/\/casaingcosur.com\/index.php?rest_route=%2Fwp%2Fv2%2Fcomments&post=935"}],"wp:featuredmedia":[{"embeddable":true,"href":"https:\/\/casaingcosur.com\/index.php?rest_route=\/wp\/v2\/media\/962"}],"wp:attachment":[{"href":"https:\/\/casaingcosur.com\/index.php?rest_route=%2Fwp%2Fv2%2Fmedia&parent=935"}],"wp:term":[{"taxonomy":"product_cat","embeddable":true,"href":"https:\/\/casaingcosur.com\/index.php?rest_route=%2Fwp%2Fv2%2Fproduct_cat&post=935"},{"taxonomy":"product_tag","embeddable":true,"href":"https:\/\/casaingcosur.com\/index.php?rest_route=%2Fwp%2Fv2%2Fproduct_tag&post=935"}],"curies":[{"name":"wp","href":"https:\/\/api.w.org\/{rel}","templated":true}]}}