{"id":933,"date":"2022-04-26T13:44:56","date_gmt":"2022-04-26T13:44:56","guid":{"rendered":"https:\/\/casaingcosur.com\/?post_type=product&#038;p=933"},"modified":"2022-04-26T14:16:13","modified_gmt":"2022-04-26T14:16:13","slug":"panel-led-24w-ingco","status":"publish","type":"product","link":"https:\/\/casaingcosur.com\/?product=panel-led-24w-ingco","title":{"rendered":"PANEL LED 24W INGCO"},"content":{"rendered":"<p>Voltaje: 110 ~ 120V \/ 60Hz<br \/>\nPotencia (W): 24<br \/>\nTama\u00f1o del producto: 215 * 215 * 22 mm (L<br \/>\n* W * H)<br \/>\nTama\u00f1o de instalaci\u00f3n: L (195-200) mm<br \/>\nTemperatura de color. (K): 6500<br \/>\nLuz del dia<br \/>\nChip LED de alta calidad<br \/>\nFlujo luminoso: 2280<br \/>\nVida media (H): 25000<\/p>\n","protected":false},"excerpt":{"rendered":"<p>Voltaje: 110 ~ 120V \/ 60Hz Potencia (W): 24 Tama\u00f1o del producto: 215 * 215 * 22 mm (L * W * H) Tama\u00f1o de instalaci\u00f3n: L (195-200) mm Temperatura de color. (K): 6500 Luz del dia Chip LED de alta calidad Flujo luminoso: 2280 Vida media (H): 25000<\/p>\n","protected":false},"featured_media":949,"comment_status":"open","ping_status":"closed","template":"","meta":[],"product_cat":[21],"product_tag":[],"class_list":{"0":"post-933","1":"product","2":"type-product","3":"status-publish","4":"has-post-thumbnail","6":"product_cat-accesorios","7":"thunk-woo-product-list","8":"opn-qv-enable","9":"open-woo-hover-","10":"open-single-product-tab-horizontal","11":"open-shadow-","12":"open-shadow-hover-","14":"first","15":"instock","16":"shipping-taxable","17":"purchasable","18":"product-type-simple"},"_links":{"self":[{"href":"https:\/\/casaingcosur.com\/index.php?rest_route=\/wp\/v2\/product\/933","targetHints":{"allow":["GET"]}}],"collection":[{"href":"https:\/\/casaingcosur.com\/index.php?rest_route=\/wp\/v2\/product"}],"about":[{"href":"https:\/\/casaingcosur.com\/index.php?rest_route=\/wp\/v2\/types\/product"}],"replies":[{"embeddable":true,"href":"https:\/\/casaingcosur.com\/index.php?rest_route=%2Fwp%2Fv2%2Fcomments&post=933"}],"wp:featuredmedia":[{"embeddable":true,"href":"https:\/\/casaingcosur.com\/index.php?rest_route=\/wp\/v2\/media\/949"}],"wp:attachment":[{"href":"https:\/\/casaingcosur.com\/index.php?rest_route=%2Fwp%2Fv2%2Fmedia&parent=933"}],"wp:term":[{"taxonomy":"product_cat","embeddable":true,"href":"https:\/\/casaingcosur.com\/index.php?rest_route=%2Fwp%2Fv2%2Fproduct_cat&post=933"},{"taxonomy":"product_tag","embeddable":true,"href":"https:\/\/casaingcosur.com\/index.php?rest_route=%2Fwp%2Fv2%2Fproduct_tag&post=933"}],"curies":[{"name":"wp","href":"https:\/\/api.w.org\/{rel}","templated":true}]}}