{"id":93,"date":"2022-04-26T13:41:32","date_gmt":"2022-04-26T13:41:32","guid":{"rendered":"https:\/\/casaingcosur.com\/?post_type=product&#038;p=93"},"modified":"2022-04-26T14:15:50","modified_gmt":"2022-04-26T14:15:50","slug":"aspersor-3-vias-profesional-ingco","status":"publish","type":"product","link":"https:\/\/casaingcosur.com\/?product=aspersor-3-vias-profesional-ingco","title":{"rendered":"ASPERSOR 3 VIAS PROFESIONAL INGCO"},"content":{"rendered":"<p>Igual que el nivel de calidad STANLEY.<\/p>\n<p>Boquilla de gatillo de pl\u00e1stico ajustable de 3 v\u00edas + adaptador de herramienta de 3\/4 \u00bb<\/p>\n<p>Cuerpo de pl\u00e1stico ABS de alto impacto resistente con TPR<br \/>\nTPR aisl\u00f3 c\u00f3modo agarre suave<\/p>\n<p>Palanca de nylon<\/p>\n","protected":false},"excerpt":{"rendered":"<p>Igual que el nivel de calidad STANLEY. Boquilla de gatillo de pl\u00e1stico ajustable de 3 v\u00edas + adaptador de herramienta de 3\/4 \u00bb Cuerpo de pl\u00e1stico ABS de alto impacto resistente con TPR TPR aisl\u00f3 c\u00f3modo agarre suave Palanca de nylon<\/p>\n","protected":false},"featured_media":122,"comment_status":"open","ping_status":"closed","template":"","meta":[],"product_cat":[35,36],"product_tag":[],"class_list":{"0":"post-93","1":"product","2":"type-product","3":"status-publish","4":"has-post-thumbnail","6":"product_cat-herramientas-de-jardineria","7":"product_cat-jardineria","8":"thunk-woo-product-list","9":"opn-qv-enable","10":"open-woo-hover-","11":"open-single-product-tab-horizontal","12":"open-shadow-","13":"open-shadow-hover-","15":"first","16":"instock","17":"shipping-taxable","18":"purchasable","19":"product-type-simple"},"_links":{"self":[{"href":"https:\/\/casaingcosur.com\/index.php?rest_route=\/wp\/v2\/product\/93","targetHints":{"allow":["GET"]}}],"collection":[{"href":"https:\/\/casaingcosur.com\/index.php?rest_route=\/wp\/v2\/product"}],"about":[{"href":"https:\/\/casaingcosur.com\/index.php?rest_route=\/wp\/v2\/types\/product"}],"replies":[{"embeddable":true,"href":"https:\/\/casaingcosur.com\/index.php?rest_route=%2Fwp%2Fv2%2Fcomments&post=93"}],"wp:featuredmedia":[{"embeddable":true,"href":"https:\/\/casaingcosur.com\/index.php?rest_route=\/wp\/v2\/media\/122"}],"wp:attachment":[{"href":"https:\/\/casaingcosur.com\/index.php?rest_route=%2Fwp%2Fv2%2Fmedia&parent=93"}],"wp:term":[{"taxonomy":"product_cat","embeddable":true,"href":"https:\/\/casaingcosur.com\/index.php?rest_route=%2Fwp%2Fv2%2Fproduct_cat&post=93"},{"taxonomy":"product_tag","embeddable":true,"href":"https:\/\/casaingcosur.com\/index.php?rest_route=%2Fwp%2Fv2%2Fproduct_tag&post=93"}],"curies":[{"name":"wp","href":"https:\/\/api.w.org\/{rel}","templated":true}]}}