{"id":927,"date":"2022-04-26T13:44:56","date_gmt":"2022-04-26T13:44:56","guid":{"rendered":"https:\/\/casaingcosur.com\/?post_type=product&#038;p=927"},"modified":"2022-04-26T14:16:13","modified_gmt":"2022-04-26T14:16:13","slug":"guantes-resistentes-a-cortes-reforzado-ingco","status":"publish","type":"product","link":"https:\/\/casaingcosur.com\/?product=guantes-resistentes-a-cortes-reforzado-ingco","title":{"rendered":"GUANTES RESISTENTES A CORTES REFORZADO INGCO"},"content":{"rendered":"<p>Uso para trabajadores de corte de madera y<br \/>\nvidrio, portadores de objetos afilados<br \/>\npesados, etc.<br \/>\nDe presionar, m\u00e1s tiempo de vida de lo<br \/>\nnormal.<br \/>\nPalma recubierta de l\u00e1tex<br \/>\nCarcasa de HPPE, resistencia al corte y<br \/>\nabrasi\u00f3n.<br \/>\nEmbalado por bolsa de polietileno<\/p>\n","protected":false},"excerpt":{"rendered":"<p>Uso para trabajadores de corte de madera y vidrio, portadores de objetos afilados pesados, etc. De presionar, m\u00e1s tiempo de vida de lo normal. Palma recubierta de l\u00e1tex Carcasa de HPPE, resistencia al corte y abrasi\u00f3n. Embalado por bolsa de polietileno<\/p>\n","protected":false},"featured_media":956,"comment_status":"open","ping_status":"closed","template":"","meta":[],"product_cat":[65],"product_tag":[],"class_list":{"0":"post-927","1":"product","2":"type-product","3":"status-publish","4":"has-post-thumbnail","6":"product_cat-seguridad-industrial","7":"thunk-woo-product-list","8":"opn-qv-enable","9":"open-woo-hover-","10":"open-single-product-tab-horizontal","11":"open-shadow-","12":"open-shadow-hover-","14":"first","15":"instock","16":"shipping-taxable","17":"purchasable","18":"product-type-simple"},"_links":{"self":[{"href":"https:\/\/casaingcosur.com\/index.php?rest_route=\/wp\/v2\/product\/927","targetHints":{"allow":["GET"]}}],"collection":[{"href":"https:\/\/casaingcosur.com\/index.php?rest_route=\/wp\/v2\/product"}],"about":[{"href":"https:\/\/casaingcosur.com\/index.php?rest_route=\/wp\/v2\/types\/product"}],"replies":[{"embeddable":true,"href":"https:\/\/casaingcosur.com\/index.php?rest_route=%2Fwp%2Fv2%2Fcomments&post=927"}],"wp:featuredmedia":[{"embeddable":true,"href":"https:\/\/casaingcosur.com\/index.php?rest_route=\/wp\/v2\/media\/956"}],"wp:attachment":[{"href":"https:\/\/casaingcosur.com\/index.php?rest_route=%2Fwp%2Fv2%2Fmedia&parent=927"}],"wp:term":[{"taxonomy":"product_cat","embeddable":true,"href":"https:\/\/casaingcosur.com\/index.php?rest_route=%2Fwp%2Fv2%2Fproduct_cat&post=927"},{"taxonomy":"product_tag","embeddable":true,"href":"https:\/\/casaingcosur.com\/index.php?rest_route=%2Fwp%2Fv2%2Fproduct_tag&post=927"}],"curies":[{"name":"wp","href":"https:\/\/api.w.org\/{rel}","templated":true}]}}