{"id":926,"date":"2022-04-26T13:44:56","date_gmt":"2022-04-26T13:44:56","guid":{"rendered":"https:\/\/casaingcosur.com\/?post_type=product&#038;p=926"},"modified":"2022-04-26T14:16:13","modified_gmt":"2022-04-26T14:16:13","slug":"guantes-resistentes-a-cortes-ingco-2","status":"publish","type":"product","link":"https:\/\/casaingcosur.com\/?product=guantes-resistentes-a-cortes-ingco-2","title":{"rendered":"GUANTES RESISTENTES A CORTES INGCO"},"content":{"rendered":"<p>Uso para trabajadores de corte de madera y<br \/>\nvidrio, portadores de objetos afilados<br \/>\npesados, etc.<br \/>\nPalma recubierta de PU, flexible y buena<br \/>\nsensaci\u00f3n.<br \/>\nCarcasa de HPPE, resistencia al corte y<br \/>\nabrasi\u00f3n.<br \/>\nAntiest\u00e1tico<br \/>\nEmbalado por bolsa de polietileno<\/p>\n","protected":false},"excerpt":{"rendered":"<p>Uso para trabajadores de corte de madera y vidrio, portadores de objetos afilados pesados, etc. Palma recubierta de PU, flexible y buena sensaci\u00f3n. Carcasa de HPPE, resistencia al corte y abrasi\u00f3n. Antiest\u00e1tico Embalado por bolsa de polietileno<\/p>\n","protected":false},"featured_media":955,"comment_status":"open","ping_status":"closed","template":"","meta":[],"product_cat":[65],"product_tag":[],"class_list":{"0":"post-926","1":"product","2":"type-product","3":"status-publish","4":"has-post-thumbnail","6":"product_cat-seguridad-industrial","7":"thunk-woo-product-list","8":"opn-qv-enable","9":"open-woo-hover-","10":"open-single-product-tab-horizontal","11":"open-shadow-","12":"open-shadow-hover-","14":"first","15":"instock","16":"shipping-taxable","17":"purchasable","18":"product-type-simple"},"_links":{"self":[{"href":"https:\/\/casaingcosur.com\/index.php?rest_route=\/wp\/v2\/product\/926","targetHints":{"allow":["GET"]}}],"collection":[{"href":"https:\/\/casaingcosur.com\/index.php?rest_route=\/wp\/v2\/product"}],"about":[{"href":"https:\/\/casaingcosur.com\/index.php?rest_route=\/wp\/v2\/types\/product"}],"replies":[{"embeddable":true,"href":"https:\/\/casaingcosur.com\/index.php?rest_route=%2Fwp%2Fv2%2Fcomments&post=926"}],"wp:featuredmedia":[{"embeddable":true,"href":"https:\/\/casaingcosur.com\/index.php?rest_route=\/wp\/v2\/media\/955"}],"wp:attachment":[{"href":"https:\/\/casaingcosur.com\/index.php?rest_route=%2Fwp%2Fv2%2Fmedia&parent=926"}],"wp:term":[{"taxonomy":"product_cat","embeddable":true,"href":"https:\/\/casaingcosur.com\/index.php?rest_route=%2Fwp%2Fv2%2Fproduct_cat&post=926"},{"taxonomy":"product_tag","embeddable":true,"href":"https:\/\/casaingcosur.com\/index.php?rest_route=%2Fwp%2Fv2%2Fproduct_tag&post=926"}],"curies":[{"name":"wp","href":"https:\/\/api.w.org\/{rel}","templated":true}]}}