{"id":920,"date":"2022-04-26T13:44:55","date_gmt":"2022-04-26T13:44:55","guid":{"rendered":"https:\/\/casaingcosur.com\/?post_type=product&#038;p=920"},"modified":"2022-04-26T14:16:13","modified_gmt":"2022-04-26T14:16:13","slug":"linterna-led-3xaaa-ingco","status":"publish","type":"product","link":"https:\/\/casaingcosur.com\/?product=linterna-led-3xaaa-ingco","title":{"rendered":"LINTERNA LED 3XAAA INGCO"},"content":{"rendered":"<p>Aleaci\u00f3n de aluminio de grado de aviaci\u00f3n: 6N01-T6 CREE XPE2 R3 LED 1W Brillo: 135 l\u00famenes Utilice pilas alcalinas 3AAA<\/p>\n<p>Interruptor de luz de cola<\/p>\n<p>Grado impermeable IPX-4<\/p>\n<p>Di\u00e1metro \/ longitud: 32mm \/ 126.5mm,<\/p>\n<p>Peso: 105g (sin bater\u00eda)<\/p>\n","protected":false},"excerpt":{"rendered":"<p>Aleaci\u00f3n de aluminio de grado de aviaci\u00f3n: 6N01-T6 CREE XPE2 R3 LED 1W Brillo: 135 l\u00famenes Utilice pilas alcalinas 3AAA Interruptor de luz de cola Grado impermeable IPX-4 Di\u00e1metro \/ longitud: 32mm \/ 126.5mm, Peso: 105g (sin bater\u00eda)<\/p>\n","protected":false},"featured_media":950,"comment_status":"open","ping_status":"closed","template":"","meta":[],"product_cat":[67,68],"product_tag":[],"class_list":{"0":"post-920","1":"product","2":"type-product","3":"status-publish","4":"has-post-thumbnail","6":"product_cat-linternas","7":"product_cat-material-electrico","8":"thunk-woo-product-list","9":"opn-qv-enable","10":"open-woo-hover-","11":"open-single-product-tab-horizontal","12":"open-shadow-","13":"open-shadow-hover-","15":"first","16":"instock","17":"shipping-taxable","18":"purchasable","19":"product-type-simple"},"_links":{"self":[{"href":"https:\/\/casaingcosur.com\/index.php?rest_route=\/wp\/v2\/product\/920","targetHints":{"allow":["GET"]}}],"collection":[{"href":"https:\/\/casaingcosur.com\/index.php?rest_route=\/wp\/v2\/product"}],"about":[{"href":"https:\/\/casaingcosur.com\/index.php?rest_route=\/wp\/v2\/types\/product"}],"replies":[{"embeddable":true,"href":"https:\/\/casaingcosur.com\/index.php?rest_route=%2Fwp%2Fv2%2Fcomments&post=920"}],"wp:featuredmedia":[{"embeddable":true,"href":"https:\/\/casaingcosur.com\/index.php?rest_route=\/wp\/v2\/media\/950"}],"wp:attachment":[{"href":"https:\/\/casaingcosur.com\/index.php?rest_route=%2Fwp%2Fv2%2Fmedia&parent=920"}],"wp:term":[{"taxonomy":"product_cat","embeddable":true,"href":"https:\/\/casaingcosur.com\/index.php?rest_route=%2Fwp%2Fv2%2Fproduct_cat&post=920"},{"taxonomy":"product_tag","embeddable":true,"href":"https:\/\/casaingcosur.com\/index.php?rest_route=%2Fwp%2Fv2%2Fproduct_tag&post=920"}],"curies":[{"name":"wp","href":"https:\/\/api.w.org\/{rel}","templated":true}]}}