{"id":89,"date":"2022-04-26T13:41:32","date_gmt":"2022-04-26T13:41:32","guid":{"rendered":"https:\/\/casaingcosur.com\/?post_type=product&#038;p=89"},"modified":"2022-04-26T14:15:50","modified_gmt":"2022-04-26T14:15:50","slug":"soplete-pintura-1-2l-industrial-ingco","status":"publish","type":"product","link":"https:\/\/casaingcosur.com\/?product=soplete-pintura-1-2l-industrial-ingco","title":{"rendered":"SOPLETE PINTURA 1\/2L INDUSTRIAL INGCO"},"content":{"rendered":"<p>Boquilla est\u00e1ndar: 1.5mm<br \/>\nAncho del patr\u00f3n: 180-250mm<br \/>\nCapacidad de pintura: 400cc.<br \/>\nAdecuado para la capa base<br \/>\nBoquilla opcional: 1.2-1.8mm<br \/>\nPresi\u00f3n de trabajo: 3-4 bar<br \/>\nContras de aire: 4.2-7.1cfm (119-200 l \/ min)<\/p>\n","protected":false},"excerpt":{"rendered":"<p>Boquilla est\u00e1ndar: 1.5mm Ancho del patr\u00f3n: 180-250mm Capacidad de pintura: 400cc. Adecuado para la capa base Boquilla opcional: 1.2-1.8mm Presi\u00f3n de trabajo: 3-4 bar Contras de aire: 4.2-7.1cfm (119-200 l \/ min)<\/p>\n","protected":false},"featured_media":118,"comment_status":"open","ping_status":"closed","template":"","meta":[],"product_cat":[32],"product_tag":[],"class_list":{"0":"post-89","1":"product","2":"type-product","3":"status-publish","4":"has-post-thumbnail","6":"product_cat-herramientas-neumaticas","7":"thunk-woo-product-list","8":"opn-qv-enable","9":"open-woo-hover-","10":"open-single-product-tab-horizontal","11":"open-shadow-","12":"open-shadow-hover-","14":"first","15":"instock","16":"shipping-taxable","17":"purchasable","18":"product-type-simple"},"_links":{"self":[{"href":"https:\/\/casaingcosur.com\/index.php?rest_route=\/wp\/v2\/product\/89","targetHints":{"allow":["GET"]}}],"collection":[{"href":"https:\/\/casaingcosur.com\/index.php?rest_route=\/wp\/v2\/product"}],"about":[{"href":"https:\/\/casaingcosur.com\/index.php?rest_route=\/wp\/v2\/types\/product"}],"replies":[{"embeddable":true,"href":"https:\/\/casaingcosur.com\/index.php?rest_route=%2Fwp%2Fv2%2Fcomments&post=89"}],"wp:featuredmedia":[{"embeddable":true,"href":"https:\/\/casaingcosur.com\/index.php?rest_route=\/wp\/v2\/media\/118"}],"wp:attachment":[{"href":"https:\/\/casaingcosur.com\/index.php?rest_route=%2Fwp%2Fv2%2Fmedia&parent=89"}],"wp:term":[{"taxonomy":"product_cat","embeddable":true,"href":"https:\/\/casaingcosur.com\/index.php?rest_route=%2Fwp%2Fv2%2Fproduct_cat&post=89"},{"taxonomy":"product_tag","embeddable":true,"href":"https:\/\/casaingcosur.com\/index.php?rest_route=%2Fwp%2Fv2%2Fproduct_tag&post=89"}],"curies":[{"name":"wp","href":"https:\/\/api.w.org\/{rel}","templated":true}]}}