{"id":884,"date":"2022-04-26T13:44:35","date_gmt":"2022-04-26T13:44:35","guid":{"rendered":"https:\/\/casaingcosur.com\/?post_type=product&#038;p=884"},"modified":"2022-04-26T14:16:12","modified_gmt":"2022-04-26T14:16:12","slug":"clavadora-neumatica-de-hormigon-ingco","status":"publish","type":"product","link":"https:\/\/casaingcosur.com\/?product=clavadora-neumatica-de-hormigon-ingco","title":{"rendered":"CLAVADORA NEUM\u00c1TICA DE HORMIG\u00d3N INGCO"},"content":{"rendered":"<p>Capacidad de carga: 70 piezas<br \/>\nLongitud de las u\u00f1as: 18-64 mm<br \/>\nDi\u00e1metro de u\u00f1as: \u03c62.2mm<br \/>\nCon conector tipo Europa, conector tipo EE.<br \/>\nUU., Conector tipo Nitto y conector tipo<br \/>\nItalia.<br \/>\nPresi\u00f3n de operaci\u00f3n: 0.5-0.8Mpa (75-116Psi)<br \/>\nEmbalado por caja de color<\/p>\n","protected":false},"excerpt":{"rendered":"<p>Capacidad de carga: 70 piezas Longitud de las u\u00f1as: 18-64 mm Di\u00e1metro de u\u00f1as: \u03c62.2mm Con conector tipo Europa, conector tipo EE. UU., Conector tipo Nitto y conector tipo Italia. Presi\u00f3n de operaci\u00f3n: 0.5-0.8Mpa (75-116Psi) Embalado por caja de color<\/p>\n","protected":false},"featured_media":940,"comment_status":"open","ping_status":"closed","template":"","meta":[],"product_cat":[32,29],"product_tag":[],"class_list":{"0":"post-884","1":"product","2":"type-product","3":"status-publish","4":"has-post-thumbnail","6":"product_cat-herramientas-neumaticas","7":"product_cat-maquinaria-de-construccion","8":"thunk-woo-product-list","9":"opn-qv-enable","10":"open-woo-hover-","11":"open-single-product-tab-horizontal","12":"open-shadow-","13":"open-shadow-hover-","15":"first","16":"instock","17":"shipping-taxable","18":"purchasable","19":"product-type-simple"},"_links":{"self":[{"href":"https:\/\/casaingcosur.com\/index.php?rest_route=\/wp\/v2\/product\/884","targetHints":{"allow":["GET"]}}],"collection":[{"href":"https:\/\/casaingcosur.com\/index.php?rest_route=\/wp\/v2\/product"}],"about":[{"href":"https:\/\/casaingcosur.com\/index.php?rest_route=\/wp\/v2\/types\/product"}],"replies":[{"embeddable":true,"href":"https:\/\/casaingcosur.com\/index.php?rest_route=%2Fwp%2Fv2%2Fcomments&post=884"}],"wp:featuredmedia":[{"embeddable":true,"href":"https:\/\/casaingcosur.com\/index.php?rest_route=\/wp\/v2\/media\/940"}],"wp:attachment":[{"href":"https:\/\/casaingcosur.com\/index.php?rest_route=%2Fwp%2Fv2%2Fmedia&parent=884"}],"wp:term":[{"taxonomy":"product_cat","embeddable":true,"href":"https:\/\/casaingcosur.com\/index.php?rest_route=%2Fwp%2Fv2%2Fproduct_cat&post=884"},{"taxonomy":"product_tag","embeddable":true,"href":"https:\/\/casaingcosur.com\/index.php?rest_route=%2Fwp%2Fv2%2Fproduct_tag&post=884"}],"curies":[{"name":"wp","href":"https:\/\/api.w.org\/{rel}","templated":true}]}}