{"id":857,"date":"2022-04-26T13:44:34","date_gmt":"2022-04-26T13:44:34","guid":{"rendered":"https:\/\/casaingcosur.com\/?post_type=product&#038;p=857"},"modified":"2022-04-26T14:16:11","modified_gmt":"2022-04-26T14:16:11","slug":"destornillador-estrella-3-aislado-ingco","status":"publish","type":"product","link":"https:\/\/casaingcosur.com\/?product=destornillador-estrella-3-aislado-ingco","title":{"rendered":"DESTORNILLADOR ESTRELLA 3&#8243; AISLADO INGCO"},"content":{"rendered":"<p>CR-VPH1 \u00d7 80<br \/>\nNueva manija de dise\u00f1o<br \/>\nINGCO<br \/>\nCuerda redonda<br \/>\n1000V, Certificaci\u00f3n<br \/>\nVDE<\/p>\n","protected":false},"excerpt":{"rendered":"<p>CR-VPH1 \u00d7 80 Nueva manija de dise\u00f1o INGCO Cuerda redonda 1000V, Certificaci\u00f3n VDE<\/p>\n","protected":false},"featured_media":887,"comment_status":"open","ping_status":"closed","template":"","meta":[],"product_cat":[54,34],"product_tag":[],"class_list":{"0":"post-857","1":"product","2":"type-product","3":"status-publish","4":"has-post-thumbnail","6":"product_cat-destornilladores","7":"product_cat-herramientas-manuales","8":"thunk-woo-product-list","9":"opn-qv-enable","10":"open-woo-hover-","11":"open-single-product-tab-horizontal","12":"open-shadow-","13":"open-shadow-hover-","15":"first","16":"outofstock","17":"shipping-taxable","18":"purchasable","19":"product-type-simple"},"_links":{"self":[{"href":"https:\/\/casaingcosur.com\/index.php?rest_route=\/wp\/v2\/product\/857","targetHints":{"allow":["GET"]}}],"collection":[{"href":"https:\/\/casaingcosur.com\/index.php?rest_route=\/wp\/v2\/product"}],"about":[{"href":"https:\/\/casaingcosur.com\/index.php?rest_route=\/wp\/v2\/types\/product"}],"replies":[{"embeddable":true,"href":"https:\/\/casaingcosur.com\/index.php?rest_route=%2Fwp%2Fv2%2Fcomments&post=857"}],"wp:featuredmedia":[{"embeddable":true,"href":"https:\/\/casaingcosur.com\/index.php?rest_route=\/wp\/v2\/media\/887"}],"wp:attachment":[{"href":"https:\/\/casaingcosur.com\/index.php?rest_route=%2Fwp%2Fv2%2Fmedia&parent=857"}],"wp:term":[{"taxonomy":"product_cat","embeddable":true,"href":"https:\/\/casaingcosur.com\/index.php?rest_route=%2Fwp%2Fv2%2Fproduct_cat&post=857"},{"taxonomy":"product_tag","embeddable":true,"href":"https:\/\/casaingcosur.com\/index.php?rest_route=%2Fwp%2Fv2%2Fproduct_tag&post=857"}],"curies":[{"name":"wp","href":"https:\/\/api.w.org\/{rel}","templated":true}]}}