{"id":84,"date":"2022-04-26T13:41:32","date_gmt":"2022-04-26T13:41:32","guid":{"rendered":"https:\/\/casaingcosur.com\/?post_type=product&#038;p=84"},"modified":"2022-04-26T14:15:49","modified_gmt":"2022-04-26T14:15:49","slug":"pistola-clavadora-50mm-neumatica-ingco","status":"publish","type":"product","link":"https:\/\/casaingcosur.com\/?product=pistola-clavadora-50mm-neumatica-ingco","title":{"rendered":"PISTOLA CLAVADORA 50MM NEUMATICA INGCO"},"content":{"rendered":"<p>Capacidad de carga: 100 unids<br \/>\nTama\u00f1o de Brad: 15-50 mm<br \/>\nGa18,1.25&#215;1.00mm<br \/>\nPresi\u00f3n de operaci\u00f3n: 0.5-0.7Mpa (75-100Psi)<\/p>\n<p>Con 1000pcs brad u\u00f1as<\/p>\n","protected":false},"excerpt":{"rendered":"<p>Capacidad de carga: 100 unids Tama\u00f1o de Brad: 15-50 mm Ga18,1.25&#215;1.00mm Presi\u00f3n de operaci\u00f3n: 0.5-0.7Mpa (75-100Psi) Con 1000pcs brad u\u00f1as<\/p>\n","protected":false},"featured_media":113,"comment_status":"open","ping_status":"closed","template":"","meta":[],"product_cat":[32],"product_tag":[],"class_list":{"0":"post-84","1":"product","2":"type-product","3":"status-publish","4":"has-post-thumbnail","6":"product_cat-herramientas-neumaticas","7":"thunk-woo-product-list","8":"opn-qv-enable","9":"open-woo-hover-","10":"open-single-product-tab-horizontal","11":"open-shadow-","12":"open-shadow-hover-","14":"first","15":"instock","16":"shipping-taxable","17":"purchasable","18":"product-type-simple"},"_links":{"self":[{"href":"https:\/\/casaingcosur.com\/index.php?rest_route=\/wp\/v2\/product\/84","targetHints":{"allow":["GET"]}}],"collection":[{"href":"https:\/\/casaingcosur.com\/index.php?rest_route=\/wp\/v2\/product"}],"about":[{"href":"https:\/\/casaingcosur.com\/index.php?rest_route=\/wp\/v2\/types\/product"}],"replies":[{"embeddable":true,"href":"https:\/\/casaingcosur.com\/index.php?rest_route=%2Fwp%2Fv2%2Fcomments&post=84"}],"wp:featuredmedia":[{"embeddable":true,"href":"https:\/\/casaingcosur.com\/index.php?rest_route=\/wp\/v2\/media\/113"}],"wp:attachment":[{"href":"https:\/\/casaingcosur.com\/index.php?rest_route=%2Fwp%2Fv2%2Fmedia&parent=84"}],"wp:term":[{"taxonomy":"product_cat","embeddable":true,"href":"https:\/\/casaingcosur.com\/index.php?rest_route=%2Fwp%2Fv2%2Fproduct_cat&post=84"},{"taxonomy":"product_tag","embeddable":true,"href":"https:\/\/casaingcosur.com\/index.php?rest_route=%2Fwp%2Fv2%2Fproduct_tag&post=84"}],"curies":[{"name":"wp","href":"https:\/\/api.w.org\/{rel}","templated":true}]}}