{"id":812,"date":"2022-04-26T13:44:19","date_gmt":"2022-04-26T13:44:19","guid":{"rendered":"https:\/\/casaingcosur.com\/?post_type=product&#038;p=812"},"modified":"2022-04-26T14:16:10","modified_gmt":"2022-04-26T14:16:10","slug":"candado-de-laton-varios-mm-ingco-2","status":"publish","type":"product","link":"https:\/\/casaingcosur.com\/?product=candado-de-laton-varios-mm-ingco-2","title":{"rendered":"CANDADO DE LATON VARIOS MM INGCO"},"content":{"rendered":"<p>Tama\u00f1os<br \/>\nMaterial: lat\u00f3n<br \/>\nPeso: 40g<br \/>\nCon llaves de lat\u00f3n de 3 piezas.<\/p>\n","protected":false},"excerpt":{"rendered":"<p>Tama\u00f1os Material: lat\u00f3n Peso: 40g Con llaves de lat\u00f3n de 3 piezas.<\/p>\n","protected":false},"featured_media":842,"comment_status":"open","ping_status":"closed","template":"","meta":[],"product_cat":[69],"product_tag":[],"class_list":{"0":"post-812","1":"product","2":"type-product","3":"status-publish","4":"has-post-thumbnail","6":"product_cat-candados","7":"thunk-woo-product-list","8":"opn-qv-enable","9":"open-woo-hover-","10":"open-single-product-tab-horizontal","11":"open-shadow-","12":"open-shadow-hover-","14":"first","15":"outofstock","16":"shipping-taxable","17":"product-type-variable"},"_links":{"self":[{"href":"https:\/\/casaingcosur.com\/index.php?rest_route=\/wp\/v2\/product\/812","targetHints":{"allow":["GET"]}}],"collection":[{"href":"https:\/\/casaingcosur.com\/index.php?rest_route=\/wp\/v2\/product"}],"about":[{"href":"https:\/\/casaingcosur.com\/index.php?rest_route=\/wp\/v2\/types\/product"}],"replies":[{"embeddable":true,"href":"https:\/\/casaingcosur.com\/index.php?rest_route=%2Fwp%2Fv2%2Fcomments&post=812"}],"wp:featuredmedia":[{"embeddable":true,"href":"https:\/\/casaingcosur.com\/index.php?rest_route=\/wp\/v2\/media\/842"}],"wp:attachment":[{"href":"https:\/\/casaingcosur.com\/index.php?rest_route=%2Fwp%2Fv2%2Fmedia&parent=812"}],"wp:term":[{"taxonomy":"product_cat","embeddable":true,"href":"https:\/\/casaingcosur.com\/index.php?rest_route=%2Fwp%2Fv2%2Fproduct_cat&post=812"},{"taxonomy":"product_tag","embeddable":true,"href":"https:\/\/casaingcosur.com\/index.php?rest_route=%2Fwp%2Fv2%2Fproduct_tag&post=812"}],"curies":[{"name":"wp","href":"https:\/\/api.w.org\/{rel}","templated":true}]}}