{"id":81,"date":"2022-04-26T13:41:32","date_gmt":"2022-04-26T13:41:32","guid":{"rendered":"https:\/\/casaingcosur.com\/?post_type=product&#038;p=81"},"modified":"2022-04-26T14:15:49","modified_gmt":"2022-04-26T14:15:49","slug":"engrasadora-400cc-profesional-ingco-grg015001","status":"publish","type":"product","link":"https:\/\/casaingcosur.com\/?product=engrasadora-400cc-profesional-ingco-grg015001","title":{"rendered":"ENGRASADORA 400CC PROFESIONAL INGCO GRG015001"},"content":{"rendered":"<p>Pistola engrasadora para trabajo pesado<br \/>\nCalidad de Taiwan<br \/>\nCapacidad: 400CC \/ 14Oz<br \/>\nManera del cargamento: 14Oz Cartucho \/ 400CC a granel<br \/>\nPresi\u00f3n de trabajo: 4500psi<br \/>\nPresi\u00f3n de rotura: 10000psi<br \/>\nMaterial: tubo de acero de 1,2 mm + aluminio fundido<br \/>\nAccesorio est\u00e1ndar:<br \/>\n1pcs 12 \u00abmanguera de nylon flexible de alta presi\u00f3n<br \/>\nCanal\u00f3n de la curva del metal 1pcs<\/p>\n","protected":false},"excerpt":{"rendered":"<p>Pistola engrasadora para trabajo pesado Calidad de Taiwan Capacidad: 400CC \/ 14Oz Manera del cargamento: 14Oz Cartucho \/ 400CC a granel Presi\u00f3n de trabajo: 4500psi Presi\u00f3n de rotura: 10000psi Material: tubo de acero de 1,2 mm + aluminio fundido Accesorio est\u00e1ndar: 1pcs 12 \u00abmanguera de nylon flexible de alta presi\u00f3n Canal\u00f3n de la curva del &hellip;<\/p>\n<p class=\"read-more\"> <a class=\" thunk-readmore button \" href=\"https:\/\/casaingcosur.com\/?product=engrasadora-400cc-profesional-ingco-grg015001\"> <span class=\"screen-reader-text\">ENGRASADORA 400CC PROFESIONAL INGCO GRG015001<\/span>Leer m\u00e1s<\/a><\/p>\n","protected":false},"featured_media":111,"comment_status":"open","ping_status":"closed","template":"","meta":[],"product_cat":[33,34],"product_tag":[],"class_list":{"0":"post-81","1":"product","2":"type-product","3":"status-publish","4":"has-post-thumbnail","6":"product_cat-engrasadoras","7":"product_cat-herramientas-manuales","8":"thunk-woo-product-list","9":"opn-qv-enable","10":"open-woo-hover-","11":"open-single-product-tab-horizontal","12":"open-shadow-","13":"open-shadow-hover-","15":"first","16":"instock","17":"shipping-taxable","18":"purchasable","19":"product-type-simple"},"_links":{"self":[{"href":"https:\/\/casaingcosur.com\/index.php?rest_route=\/wp\/v2\/product\/81","targetHints":{"allow":["GET"]}}],"collection":[{"href":"https:\/\/casaingcosur.com\/index.php?rest_route=\/wp\/v2\/product"}],"about":[{"href":"https:\/\/casaingcosur.com\/index.php?rest_route=\/wp\/v2\/types\/product"}],"replies":[{"embeddable":true,"href":"https:\/\/casaingcosur.com\/index.php?rest_route=%2Fwp%2Fv2%2Fcomments&post=81"}],"wp:featuredmedia":[{"embeddable":true,"href":"https:\/\/casaingcosur.com\/index.php?rest_route=\/wp\/v2\/media\/111"}],"wp:attachment":[{"href":"https:\/\/casaingcosur.com\/index.php?rest_route=%2Fwp%2Fv2%2Fmedia&parent=81"}],"wp:term":[{"taxonomy":"product_cat","embeddable":true,"href":"https:\/\/casaingcosur.com\/index.php?rest_route=%2Fwp%2Fv2%2Fproduct_cat&post=81"},{"taxonomy":"product_tag","embeddable":true,"href":"https:\/\/casaingcosur.com\/index.php?rest_route=%2Fwp%2Fv2%2Fproduct_tag&post=81"}],"curies":[{"name":"wp","href":"https:\/\/api.w.org\/{rel}","templated":true}]}}