{"id":809,"date":"2022-04-26T13:44:19","date_gmt":"2022-04-26T13:44:19","guid":{"rendered":"https:\/\/casaingcosur.com\/?post_type=product&#038;p=809"},"modified":"2022-04-26T14:16:10","modified_gmt":"2022-04-26T14:16:10","slug":"linterna-de-cabeza-50m-industrial-ingco","status":"publish","type":"product","link":"https:\/\/casaingcosur.com\/?product=linterna-de-cabeza-50m-industrial-ingco","title":{"rendered":"LINTERNA DE CABEZA 50M INDUSTRIAL  INGCO"},"content":{"rendered":"<p>CREE XPE2-R3 LED<br \/>\nBrillo:<br \/>\nMax: 180 l\u00fameneS<br \/>\nBajo: 45 l\u00famenes.<br \/>\nUtilice pilas alcalinas 3AAA<br \/>\nDistancia m\u00e1xima de haz de 50m<br \/>\nResistente a la lluvia IPX4<\/p>\n","protected":false},"excerpt":{"rendered":"<p>CREE XPE2-R3 LED Brillo: Max: 180 l\u00fameneS Bajo: 45 l\u00famenes. Utilice pilas alcalinas 3AAA Distancia m\u00e1xima de haz de 50m Resistente a la lluvia IPX4<\/p>\n","protected":false},"featured_media":839,"comment_status":"open","ping_status":"closed","template":"","meta":[],"product_cat":[67,68],"product_tag":[],"class_list":{"0":"post-809","1":"product","2":"type-product","3":"status-publish","4":"has-post-thumbnail","6":"product_cat-linternas","7":"product_cat-material-electrico","8":"thunk-woo-product-list","9":"opn-qv-enable","10":"open-woo-hover-","11":"open-single-product-tab-horizontal","12":"open-shadow-","13":"open-shadow-hover-","15":"first","16":"instock","17":"shipping-taxable","18":"purchasable","19":"product-type-simple"},"_links":{"self":[{"href":"https:\/\/casaingcosur.com\/index.php?rest_route=\/wp\/v2\/product\/809","targetHints":{"allow":["GET"]}}],"collection":[{"href":"https:\/\/casaingcosur.com\/index.php?rest_route=\/wp\/v2\/product"}],"about":[{"href":"https:\/\/casaingcosur.com\/index.php?rest_route=\/wp\/v2\/types\/product"}],"replies":[{"embeddable":true,"href":"https:\/\/casaingcosur.com\/index.php?rest_route=%2Fwp%2Fv2%2Fcomments&post=809"}],"wp:featuredmedia":[{"embeddable":true,"href":"https:\/\/casaingcosur.com\/index.php?rest_route=\/wp\/v2\/media\/839"}],"wp:attachment":[{"href":"https:\/\/casaingcosur.com\/index.php?rest_route=%2Fwp%2Fv2%2Fmedia&parent=809"}],"wp:term":[{"taxonomy":"product_cat","embeddable":true,"href":"https:\/\/casaingcosur.com\/index.php?rest_route=%2Fwp%2Fv2%2Fproduct_cat&post=809"},{"taxonomy":"product_tag","embeddable":true,"href":"https:\/\/casaingcosur.com\/index.php?rest_route=%2Fwp%2Fv2%2Fproduct_tag&post=809"}],"curies":[{"name":"wp","href":"https:\/\/api.w.org\/{rel}","templated":true}]}}