{"id":803,"date":"2022-04-26T13:44:18","date_gmt":"2022-04-26T13:44:18","guid":{"rendered":"https:\/\/casaingcosur.com\/?post_type=product&#038;p=803"},"modified":"2022-04-26T14:16:10","modified_gmt":"2022-04-26T14:16:10","slug":"mascara-soldar-automatica-92x42mm-ingco","status":"publish","type":"product","link":"https:\/\/casaingcosur.com\/?product=mascara-soldar-automatica-92x42mm-ingco","title":{"rendered":"MASCARA SOLDAR AUTOMATICA 92X42MM INGCO"},"content":{"rendered":"<p>Estado oscuro: sombra variable, 9 ~ 13 Control de sombreado: externo, variable Encendido \/ apagado: completamente autom\u00e1tico<br \/>\nControl de sensibilidad: AUTO Protecci\u00f3n UV \/ IR: DIN 16<br \/>\nFuente de alimentaci\u00f3n: c\u00e9lulas solares + 2<br \/>\n* bater\u00edas de litio CR2032<br \/>\nTiempo de conmutaci\u00f3n: 1 \/ 15000S, de claro a oscuro<br \/>\nOscuro a la Luz (Demora): 0.1-1.0 Auto TIG de bajo amperaje: \u226510 amperios (CC),<br \/>\n\u226510 amperios (CA) Funci\u00f3n de molienda: S\u00cd<br \/>\nAlarma de bajo volumen: S\u00cd<br \/>\nTep de funcionamiento: -5 \u2103 ~ + 55 \u2103<br \/>\nAlmacenamiento de Tep: -20 \u2103 ~ + 70 \u2103<\/p>\n","protected":false},"excerpt":{"rendered":"<p>Estado oscuro: sombra variable, 9 ~ 13 Control de sombreado: externo, variable Encendido \/ apagado: completamente autom\u00e1tico Control de sensibilidad: AUTO Protecci\u00f3n UV \/ IR: DIN 16 Fuente de alimentaci\u00f3n: c\u00e9lulas solares + 2 * bater\u00edas de litio CR2032 Tiempo de conmutaci\u00f3n: 1 \/ 15000S, de claro a oscuro Oscuro a la Luz (Demora): 0.1-1.0 &hellip;<\/p>\n<p class=\"read-more\"> <a class=\" thunk-readmore button \" href=\"https:\/\/casaingcosur.com\/?product=mascara-soldar-automatica-92x42mm-ingco\"> <span class=\"screen-reader-text\">MASCARA SOLDAR AUTOMATICA 92X42MM INGCO<\/span>Leer m\u00e1s<\/a><\/p>\n","protected":false},"featured_media":833,"comment_status":"open","ping_status":"closed","template":"","meta":[],"product_cat":[65],"product_tag":[],"class_list":{"0":"post-803","1":"product","2":"type-product","3":"status-publish","4":"has-post-thumbnail","6":"product_cat-seguridad-industrial","7":"thunk-woo-product-list","8":"opn-qv-enable","9":"open-woo-hover-","10":"open-single-product-tab-horizontal","11":"open-shadow-","12":"open-shadow-hover-","14":"first","15":"instock","16":"shipping-taxable","17":"purchasable","18":"product-type-simple"},"_links":{"self":[{"href":"https:\/\/casaingcosur.com\/index.php?rest_route=\/wp\/v2\/product\/803","targetHints":{"allow":["GET"]}}],"collection":[{"href":"https:\/\/casaingcosur.com\/index.php?rest_route=\/wp\/v2\/product"}],"about":[{"href":"https:\/\/casaingcosur.com\/index.php?rest_route=\/wp\/v2\/types\/product"}],"replies":[{"embeddable":true,"href":"https:\/\/casaingcosur.com\/index.php?rest_route=%2Fwp%2Fv2%2Fcomments&post=803"}],"wp:featuredmedia":[{"embeddable":true,"href":"https:\/\/casaingcosur.com\/index.php?rest_route=\/wp\/v2\/media\/833"}],"wp:attachment":[{"href":"https:\/\/casaingcosur.com\/index.php?rest_route=%2Fwp%2Fv2%2Fmedia&parent=803"}],"wp:term":[{"taxonomy":"product_cat","embeddable":true,"href":"https:\/\/casaingcosur.com\/index.php?rest_route=%2Fwp%2Fv2%2Fproduct_cat&post=803"},{"taxonomy":"product_tag","embeddable":true,"href":"https:\/\/casaingcosur.com\/index.php?rest_route=%2Fwp%2Fv2%2Fproduct_tag&post=803"}],"curies":[{"name":"wp","href":"https:\/\/api.w.org\/{rel}","templated":true}]}}