{"id":802,"date":"2022-04-26T13:44:18","date_gmt":"2022-04-26T13:44:18","guid":{"rendered":"https:\/\/casaingcosur.com\/?post_type=product&#038;p=802"},"modified":"2022-04-26T14:16:10","modified_gmt":"2022-04-26T14:16:10","slug":"mascara-de-soldar-ingco","status":"publish","type":"product","link":"https:\/\/casaingcosur.com\/?product=mascara-de-soldar-ingco","title":{"rendered":"MASCARA DE SOLDAR INGCO"},"content":{"rendered":"<p>M\u00e1scara de soldadura Material: 100% PP Tama\u00f1o de cristal: 108<br \/>\n* 50 * 3m m, vidrio movible del tipo<br \/>\n1 PC de cristal de protecci\u00f3n transparent<\/p>\n","protected":false},"excerpt":{"rendered":"<p>M\u00e1scara de soldadura Material: 100% PP Tama\u00f1o de cristal: 108 * 50 * 3m m, vidrio movible del tipo 1 PC de cristal de protecci\u00f3n transparent<\/p>\n","protected":false},"featured_media":832,"comment_status":"open","ping_status":"closed","template":"","meta":[],"product_cat":[65],"product_tag":[],"class_list":{"0":"post-802","1":"product","2":"type-product","3":"status-publish","4":"has-post-thumbnail","6":"product_cat-seguridad-industrial","7":"thunk-woo-product-list","8":"opn-qv-enable","9":"open-woo-hover-","10":"open-single-product-tab-horizontal","11":"open-shadow-","12":"open-shadow-hover-","14":"first","15":"instock","16":"shipping-taxable","17":"purchasable","18":"product-type-simple"},"_links":{"self":[{"href":"https:\/\/casaingcosur.com\/index.php?rest_route=\/wp\/v2\/product\/802","targetHints":{"allow":["GET"]}}],"collection":[{"href":"https:\/\/casaingcosur.com\/index.php?rest_route=\/wp\/v2\/product"}],"about":[{"href":"https:\/\/casaingcosur.com\/index.php?rest_route=\/wp\/v2\/types\/product"}],"replies":[{"embeddable":true,"href":"https:\/\/casaingcosur.com\/index.php?rest_route=%2Fwp%2Fv2%2Fcomments&post=802"}],"wp:featuredmedia":[{"embeddable":true,"href":"https:\/\/casaingcosur.com\/index.php?rest_route=\/wp\/v2\/media\/832"}],"wp:attachment":[{"href":"https:\/\/casaingcosur.com\/index.php?rest_route=%2Fwp%2Fv2%2Fmedia&parent=802"}],"wp:term":[{"taxonomy":"product_cat","embeddable":true,"href":"https:\/\/casaingcosur.com\/index.php?rest_route=%2Fwp%2Fv2%2Fproduct_cat&post=802"},{"taxonomy":"product_tag","embeddable":true,"href":"https:\/\/casaingcosur.com\/index.php?rest_route=%2Fwp%2Fv2%2Fproduct_tag&post=802"}],"curies":[{"name":"wp","href":"https:\/\/api.w.org\/{rel}","templated":true}]}}