{"id":801,"date":"2022-04-26T13:44:18","date_gmt":"2022-04-26T13:44:18","guid":{"rendered":"https:\/\/casaingcosur.com\/?post_type=product&#038;p=801"},"modified":"2022-04-26T14:16:10","modified_gmt":"2022-04-26T14:16:10","slug":"mascara-de-soldar-automatica-98x43mm-ingco","status":"publish","type":"product","link":"https:\/\/casaingcosur.com\/?product=mascara-de-soldar-automatica-98x43mm-ingco","title":{"rendered":"MASCARA DE SOLDAR AUTOMATICA 98X43MM INGCO"},"content":{"rendered":"<p>Alarma: S\u00cd<br \/>\nAutocomprobaci\u00f3n del ADF: S\u00cd<br \/>\nControl de sombreado: externo, variable<br \/>\nEncendido \/ apagado: completamente autom\u00e1tico<br \/>\nControl de sensibilidad: bajo &#8211; alto, mediante el mando infinito<br \/>\nProtecci\u00f3n UV \/ IR: DIN16<br \/>\nFuente de alimentaci\u00f3n: c\u00e9lula solar. Requiere cambio de bater\u00eda2 \u00d7 bater\u00eda de litio CR2032<br \/>\nTiempo de conmutaci\u00f3n: 1 \/ 25000S, de claro a oscuro<br \/>\nOscuro a la luz: 0.1-1.0S con el mando infinito<br \/>\nTIG de bajo amperaje: \u22655 amperios (CC), \u22655 amperios (CA),<br \/>\nTep de funcionamiento: -5 \u2103 ~ + 55 \u2103<br \/>\nAlmacenamiento de Tep: -20 \u2103 ~ + 70 \u2103<br \/>\nEmbalado por caja de color<\/p>\n","protected":false},"excerpt":{"rendered":"<p>Alarma: S\u00cd Autocomprobaci\u00f3n del ADF: S\u00cd Control de sombreado: externo, variable Encendido \/ apagado: completamente autom\u00e1tico Control de sensibilidad: bajo &#8211; alto, mediante el mando infinito Protecci\u00f3n UV \/ IR: DIN16 Fuente de alimentaci\u00f3n: c\u00e9lula solar. Requiere cambio de bater\u00eda2 \u00d7 bater\u00eda de litio CR2032 Tiempo de conmutaci\u00f3n: 1 \/ 25000S, de claro a oscuro &hellip;<\/p>\n<p class=\"read-more\"> <a class=\" thunk-readmore button \" href=\"https:\/\/casaingcosur.com\/?product=mascara-de-soldar-automatica-98x43mm-ingco\"> <span class=\"screen-reader-text\">MASCARA DE SOLDAR AUTOMATICA 98X43MM INGCO<\/span>Leer m\u00e1s<\/a><\/p>\n","protected":false},"featured_media":831,"comment_status":"open","ping_status":"closed","template":"","meta":[],"product_cat":[65],"product_tag":[],"class_list":{"0":"post-801","1":"product","2":"type-product","3":"status-publish","4":"has-post-thumbnail","6":"product_cat-seguridad-industrial","7":"thunk-woo-product-list","8":"opn-qv-enable","9":"open-woo-hover-","10":"open-single-product-tab-horizontal","11":"open-shadow-","12":"open-shadow-hover-","14":"first","15":"instock","16":"shipping-taxable","17":"purchasable","18":"product-type-simple"},"_links":{"self":[{"href":"https:\/\/casaingcosur.com\/index.php?rest_route=\/wp\/v2\/product\/801","targetHints":{"allow":["GET"]}}],"collection":[{"href":"https:\/\/casaingcosur.com\/index.php?rest_route=\/wp\/v2\/product"}],"about":[{"href":"https:\/\/casaingcosur.com\/index.php?rest_route=\/wp\/v2\/types\/product"}],"replies":[{"embeddable":true,"href":"https:\/\/casaingcosur.com\/index.php?rest_route=%2Fwp%2Fv2%2Fcomments&post=801"}],"wp:featuredmedia":[{"embeddable":true,"href":"https:\/\/casaingcosur.com\/index.php?rest_route=\/wp\/v2\/media\/831"}],"wp:attachment":[{"href":"https:\/\/casaingcosur.com\/index.php?rest_route=%2Fwp%2Fv2%2Fmedia&parent=801"}],"wp:term":[{"taxonomy":"product_cat","embeddable":true,"href":"https:\/\/casaingcosur.com\/index.php?rest_route=%2Fwp%2Fv2%2Fproduct_cat&post=801"},{"taxonomy":"product_tag","embeddable":true,"href":"https:\/\/casaingcosur.com\/index.php?rest_route=%2Fwp%2Fv2%2Fproduct_tag&post=801"}],"curies":[{"name":"wp","href":"https:\/\/api.w.org\/{rel}","templated":true}]}}