{"id":80,"date":"2022-04-26T13:41:32","date_gmt":"2022-04-26T13:41:32","guid":{"rendered":"https:\/\/casaingcosur.com\/?post_type=product&#038;p=80"},"modified":"2022-04-26T14:15:49","modified_gmt":"2022-04-26T14:15:49","slug":"engrasadora-400cc-doble-piston-industrial-ingco","status":"publish","type":"product","link":"https:\/\/casaingcosur.com\/?product=engrasadora-400cc-doble-piston-industrial-ingco","title":{"rendered":"ENGRASADORA 400CC DOBLE PISTON INDUSTRIAL INGCO"},"content":{"rendered":"<p>Pist\u00f3n doble, rendimiento de alto<br \/>\nvolumen<br \/>\nEntrega m\u00ednimo: 3 oz \/ 40 golpes<br \/>\nCalidad en Taiw\u00e1n<br \/>\nPistola de grasa para trabajo<br \/>\npesado<br \/>\nCapacidad: 400CC \/ 14Oz<br \/>\nManera de carga: Cartucho 14Oz<br \/>\n\/ 400CC Bulk<br \/>\nPresi\u00f3n de trabajo: 3600psi<br \/>\nPresi\u00f3n de estallido: 6000psi<br \/>\nMaterial: tubo de acero de<br \/>\n1.2mm + aluminio-molde<br \/>\nAccesorio est\u00e1ndar:<br \/>\n1pcs 12 \u00abmanguera de nylon<br \/>\nflexible de alta presi\u00f3n<br \/>\n1pcs Tubo met\u00e1lico de la curva<\/p>\n","protected":false},"excerpt":{"rendered":"<p>Pist\u00f3n doble, rendimiento de alto volumen Entrega m\u00ednimo: 3 oz \/ 40 golpes Calidad en Taiw\u00e1n Pistola de grasa para trabajo pesado Capacidad: 400CC \/ 14Oz Manera de carga: Cartucho 14Oz \/ 400CC Bulk Presi\u00f3n de trabajo: 3600psi Presi\u00f3n de estallido: 6000psi Material: tubo de acero de 1.2mm + aluminio-molde Accesorio est\u00e1ndar: 1pcs 12 \u00abmanguera &hellip;<\/p>\n<p class=\"read-more\"> <a class=\" thunk-readmore button \" href=\"https:\/\/casaingcosur.com\/?product=engrasadora-400cc-doble-piston-industrial-ingco\"> <span class=\"screen-reader-text\">ENGRASADORA 400CC DOBLE PISTON INDUSTRIAL INGCO<\/span>Leer m\u00e1s<\/a><\/p>\n","protected":false},"featured_media":110,"comment_status":"open","ping_status":"closed","template":"","meta":[],"product_cat":[33,34],"product_tag":[],"class_list":{"0":"post-80","1":"product","2":"type-product","3":"status-publish","4":"has-post-thumbnail","6":"product_cat-engrasadoras","7":"product_cat-herramientas-manuales","8":"thunk-woo-product-list","9":"opn-qv-enable","10":"open-woo-hover-","11":"open-single-product-tab-horizontal","12":"open-shadow-","13":"open-shadow-hover-","15":"first","16":"instock","17":"shipping-taxable","18":"purchasable","19":"product-type-simple"},"_links":{"self":[{"href":"https:\/\/casaingcosur.com\/index.php?rest_route=\/wp\/v2\/product\/80","targetHints":{"allow":["GET"]}}],"collection":[{"href":"https:\/\/casaingcosur.com\/index.php?rest_route=\/wp\/v2\/product"}],"about":[{"href":"https:\/\/casaingcosur.com\/index.php?rest_route=\/wp\/v2\/types\/product"}],"replies":[{"embeddable":true,"href":"https:\/\/casaingcosur.com\/index.php?rest_route=%2Fwp%2Fv2%2Fcomments&post=80"}],"wp:featuredmedia":[{"embeddable":true,"href":"https:\/\/casaingcosur.com\/index.php?rest_route=\/wp\/v2\/media\/110"}],"wp:attachment":[{"href":"https:\/\/casaingcosur.com\/index.php?rest_route=%2Fwp%2Fv2%2Fmedia&parent=80"}],"wp:term":[{"taxonomy":"product_cat","embeddable":true,"href":"https:\/\/casaingcosur.com\/index.php?rest_route=%2Fwp%2Fv2%2Fproduct_cat&post=80"},{"taxonomy":"product_tag","embeddable":true,"href":"https:\/\/casaingcosur.com\/index.php?rest_route=%2Fwp%2Fv2%2Fproduct_tag&post=80"}],"curies":[{"name":"wp","href":"https:\/\/api.w.org\/{rel}","templated":true}]}}