{"id":799,"date":"2022-04-26T13:44:18","date_gmt":"2022-04-26T13:44:18","guid":{"rendered":"https:\/\/casaingcosur.com\/?post_type=product&#038;p=799"},"modified":"2022-04-26T14:16:10","modified_gmt":"2022-04-26T14:16:10","slug":"gafa-protectora-transp-ingco","status":"publish","type":"product","link":"https:\/\/casaingcosur.com\/?product=gafa-protectora-transp-ingco","title":{"rendered":"GAFA PROTECTORA TRANSP INGCO"},"content":{"rendered":"<p>Tiene la fuente y el marco ligero del PVC tambi\u00e9n dise\u00f1o \u00fanico del agujero de aire.<br \/>\nLas lentes de policarbonato de alto impacto tienen una alta transparencia y son c\u00f3modas de usar.<\/p>\n","protected":false},"excerpt":{"rendered":"<p>Tiene la fuente y el marco ligero del PVC tambi\u00e9n dise\u00f1o \u00fanico del agujero de aire. Las lentes de policarbonato de alto impacto tienen una alta transparencia y son c\u00f3modas de usar.<\/p>\n","protected":false},"featured_media":829,"comment_status":"open","ping_status":"closed","template":"","meta":[],"product_cat":[65],"product_tag":[],"class_list":{"0":"post-799","1":"product","2":"type-product","3":"status-publish","4":"has-post-thumbnail","6":"product_cat-seguridad-industrial","7":"thunk-woo-product-list","8":"opn-qv-enable","9":"open-woo-hover-","10":"open-single-product-tab-horizontal","11":"open-shadow-","12":"open-shadow-hover-","14":"first","15":"instock","16":"shipping-taxable","17":"purchasable","18":"product-type-simple"},"_links":{"self":[{"href":"https:\/\/casaingcosur.com\/index.php?rest_route=\/wp\/v2\/product\/799","targetHints":{"allow":["GET"]}}],"collection":[{"href":"https:\/\/casaingcosur.com\/index.php?rest_route=\/wp\/v2\/product"}],"about":[{"href":"https:\/\/casaingcosur.com\/index.php?rest_route=\/wp\/v2\/types\/product"}],"replies":[{"embeddable":true,"href":"https:\/\/casaingcosur.com\/index.php?rest_route=%2Fwp%2Fv2%2Fcomments&post=799"}],"wp:featuredmedia":[{"embeddable":true,"href":"https:\/\/casaingcosur.com\/index.php?rest_route=\/wp\/v2\/media\/829"}],"wp:attachment":[{"href":"https:\/\/casaingcosur.com\/index.php?rest_route=%2Fwp%2Fv2%2Fmedia&parent=799"}],"wp:term":[{"taxonomy":"product_cat","embeddable":true,"href":"https:\/\/casaingcosur.com\/index.php?rest_route=%2Fwp%2Fv2%2Fproduct_cat&post=799"},{"taxonomy":"product_tag","embeddable":true,"href":"https:\/\/casaingcosur.com\/index.php?rest_route=%2Fwp%2Fv2%2Fproduct_tag&post=799"}],"curies":[{"name":"wp","href":"https:\/\/api.w.org\/{rel}","templated":true}]}}