{"id":795,"date":"2022-04-26T13:44:18","date_gmt":"2022-04-26T13:44:18","guid":{"rendered":"https:\/\/casaingcosur.com\/?post_type=product&#038;p=795"},"modified":"2022-04-26T14:16:10","modified_gmt":"2022-04-26T14:16:10","slug":"gafa-de-soldar-ingco","status":"publish","type":"product","link":"https:\/\/casaingcosur.com\/?product=gafa-de-soldar-ingco","title":{"rendered":"GAFA DE SOLDAR INGCO"},"content":{"rendered":"<p>Dise\u00f1o de giro con<br \/>\nposicionamiento de<br \/>\ncierre abierto y cerrado,<br \/>\nf\u00e1cil de usar.<br \/>\nCuerpo de PVC flexible,<br \/>\ndise\u00f1o de ventilaci\u00f3n indirecta.<br \/>\nLas lentes internas son<br \/>\nclaras, las lentes<br \/>\nexternas adoptan vidrio<br \/>\ninorg\u00e1nico de color.<\/p>\n","protected":false},"excerpt":{"rendered":"<p>Dise\u00f1o de giro con posicionamiento de cierre abierto y cerrado, f\u00e1cil de usar. Cuerpo de PVC flexible, dise\u00f1o de ventilaci\u00f3n indirecta. Las lentes internas son claras, las lentes externas adoptan vidrio inorg\u00e1nico de color.<\/p>\n","protected":false},"featured_media":825,"comment_status":"open","ping_status":"closed","template":"","meta":[],"product_cat":[65],"product_tag":[],"class_list":{"0":"post-795","1":"product","2":"type-product","3":"status-publish","4":"has-post-thumbnail","6":"product_cat-seguridad-industrial","7":"thunk-woo-product-list","8":"opn-qv-enable","9":"open-woo-hover-","10":"open-single-product-tab-horizontal","11":"open-shadow-","12":"open-shadow-hover-","14":"first","15":"instock","16":"shipping-taxable","17":"purchasable","18":"product-type-simple"},"_links":{"self":[{"href":"https:\/\/casaingcosur.com\/index.php?rest_route=\/wp\/v2\/product\/795","targetHints":{"allow":["GET"]}}],"collection":[{"href":"https:\/\/casaingcosur.com\/index.php?rest_route=\/wp\/v2\/product"}],"about":[{"href":"https:\/\/casaingcosur.com\/index.php?rest_route=\/wp\/v2\/types\/product"}],"replies":[{"embeddable":true,"href":"https:\/\/casaingcosur.com\/index.php?rest_route=%2Fwp%2Fv2%2Fcomments&post=795"}],"wp:featuredmedia":[{"embeddable":true,"href":"https:\/\/casaingcosur.com\/index.php?rest_route=\/wp\/v2\/media\/825"}],"wp:attachment":[{"href":"https:\/\/casaingcosur.com\/index.php?rest_route=%2Fwp%2Fv2%2Fmedia&parent=795"}],"wp:term":[{"taxonomy":"product_cat","embeddable":true,"href":"https:\/\/casaingcosur.com\/index.php?rest_route=%2Fwp%2Fv2%2Fproduct_cat&post=795"},{"taxonomy":"product_tag","embeddable":true,"href":"https:\/\/casaingcosur.com\/index.php?rest_route=%2Fwp%2Fv2%2Fproduct_tag&post=795"}],"curies":[{"name":"wp","href":"https:\/\/api.w.org\/{rel}","templated":true}]}}