{"id":751,"date":"2022-04-26T13:44:04","date_gmt":"2022-04-26T13:44:04","guid":{"rendered":"https:\/\/casaingcosur.com\/?post_type=product&#038;p=751"},"modified":"2022-04-26T14:16:08","modified_gmt":"2022-04-26T14:16:08","slug":"cinta-metrica-30m-fibra-vidrio-ingco","status":"publish","type":"product","link":"https:\/\/casaingcosur.com\/?product=cinta-metrica-30m-fibra-vidrio-ingco","title":{"rendered":"CINTA METRICA 30M FIBRA VIDRIO INGCO"},"content":{"rendered":"<p>Relaci\u00f3n de engranaje 3: 1 para rebobinado r\u00e1pido<br \/>\nLargo y ancho: 30mx12.5mm<br \/>\nCon m\u00e9trica y pulgada.<br \/>\nMaterial retr\u00e1ctil puro<br \/>\nCon toda la cubierta de goma.<br \/>\nMango integrado bueno para usar y conveniente almacenamiento<\/p>\n","protected":false},"excerpt":{"rendered":"<p>Relaci\u00f3n de engranaje 3: 1 para rebobinado r\u00e1pido Largo y ancho: 30mx12.5mm Con m\u00e9trica y pulgada. Material retr\u00e1ctil puro Con toda la cubierta de goma. Mango integrado bueno para usar y conveniente almacenamiento<\/p>\n","protected":false},"featured_media":779,"comment_status":"open","ping_status":"closed","template":"","meta":[],"product_cat":[52],"product_tag":[],"class_list":{"0":"post-751","1":"product","2":"type-product","3":"status-publish","4":"has-post-thumbnail","6":"product_cat-herramientas-de-medicion","7":"thunk-woo-product-list","8":"opn-qv-enable","9":"open-woo-hover-","10":"open-single-product-tab-horizontal","11":"open-shadow-","12":"open-shadow-hover-","14":"first","15":"instock","16":"shipping-taxable","17":"purchasable","18":"product-type-simple"},"_links":{"self":[{"href":"https:\/\/casaingcosur.com\/index.php?rest_route=\/wp\/v2\/product\/751","targetHints":{"allow":["GET"]}}],"collection":[{"href":"https:\/\/casaingcosur.com\/index.php?rest_route=\/wp\/v2\/product"}],"about":[{"href":"https:\/\/casaingcosur.com\/index.php?rest_route=\/wp\/v2\/types\/product"}],"replies":[{"embeddable":true,"href":"https:\/\/casaingcosur.com\/index.php?rest_route=%2Fwp%2Fv2%2Fcomments&post=751"}],"wp:featuredmedia":[{"embeddable":true,"href":"https:\/\/casaingcosur.com\/index.php?rest_route=\/wp\/v2\/media\/779"}],"wp:attachment":[{"href":"https:\/\/casaingcosur.com\/index.php?rest_route=%2Fwp%2Fv2%2Fmedia&parent=751"}],"wp:term":[{"taxonomy":"product_cat","embeddable":true,"href":"https:\/\/casaingcosur.com\/index.php?rest_route=%2Fwp%2Fv2%2Fproduct_cat&post=751"},{"taxonomy":"product_tag","embeddable":true,"href":"https:\/\/casaingcosur.com\/index.php?rest_route=%2Fwp%2Fv2%2Fproduct_tag&post=751"}],"curies":[{"name":"wp","href":"https:\/\/api.w.org\/{rel}","templated":true}]}}