{"id":749,"date":"2022-04-26T13:44:04","date_gmt":"2022-04-26T13:44:04","guid":{"rendered":"https:\/\/casaingcosur.com\/?post_type=product&#038;p=749"},"modified":"2022-04-26T14:16:08","modified_gmt":"2022-04-26T14:16:08","slug":"flexometro-8-metros-industrial-ingco","status":"publish","type":"product","link":"https:\/\/casaingcosur.com\/?product=flexometro-8-metros-industrial-ingco","title":{"rendered":"FLEXOMETRO 8 METROS INDUSTRIAL  INGCO"},"content":{"rendered":"<p>Longitud y anchura:<br \/>\n8mx25mm<br \/>\nDoble bot\u00f3n<br \/>\nFunci\u00f3n de bloqueo autom\u00e1tico<br \/>\nCon toda la cubierta de<br \/>\ngoma<br \/>\nCon m\u00e9tricas y pulgadas<\/p>\n","protected":false},"excerpt":{"rendered":"<p>Longitud y anchura: 8mx25mm Doble bot\u00f3n Funci\u00f3n de bloqueo autom\u00e1tico Con toda la cubierta de goma Con m\u00e9tricas y pulgadas<\/p>\n","protected":false},"featured_media":778,"comment_status":"open","ping_status":"closed","template":"","meta":[],"product_cat":[52],"product_tag":[],"class_list":{"0":"post-749","1":"product","2":"type-product","3":"status-publish","4":"has-post-thumbnail","6":"product_cat-herramientas-de-medicion","7":"thunk-woo-product-list","8":"opn-qv-enable","9":"open-woo-hover-","10":"open-single-product-tab-horizontal","11":"open-shadow-","12":"open-shadow-hover-","14":"first","15":"instock","16":"shipping-taxable","17":"purchasable","18":"product-type-simple"},"_links":{"self":[{"href":"https:\/\/casaingcosur.com\/index.php?rest_route=\/wp\/v2\/product\/749","targetHints":{"allow":["GET"]}}],"collection":[{"href":"https:\/\/casaingcosur.com\/index.php?rest_route=\/wp\/v2\/product"}],"about":[{"href":"https:\/\/casaingcosur.com\/index.php?rest_route=\/wp\/v2\/types\/product"}],"replies":[{"embeddable":true,"href":"https:\/\/casaingcosur.com\/index.php?rest_route=%2Fwp%2Fv2%2Fcomments&post=749"}],"wp:featuredmedia":[{"embeddable":true,"href":"https:\/\/casaingcosur.com\/index.php?rest_route=\/wp\/v2\/media\/778"}],"wp:attachment":[{"href":"https:\/\/casaingcosur.com\/index.php?rest_route=%2Fwp%2Fv2%2Fmedia&parent=749"}],"wp:term":[{"taxonomy":"product_cat","embeddable":true,"href":"https:\/\/casaingcosur.com\/index.php?rest_route=%2Fwp%2Fv2%2Fproduct_cat&post=749"},{"taxonomy":"product_tag","embeddable":true,"href":"https:\/\/casaingcosur.com\/index.php?rest_route=%2Fwp%2Fv2%2Fproduct_tag&post=749"}],"curies":[{"name":"wp","href":"https:\/\/api.w.org\/{rel}","templated":true}]}}