{"id":719,"date":"2022-04-26T13:43:52","date_gmt":"2022-04-26T13:43:52","guid":{"rendered":"https:\/\/casaingcosur.com\/?post_type=product&#038;p=719"},"modified":"2022-04-26T14:16:08","modified_gmt":"2022-04-26T14:16:08","slug":"distometro-digital-ingco","status":"publish","type":"product","link":"https:\/\/casaingcosur.com\/?product=distometro-digital-ingco","title":{"rendered":"DISTOMETRO DIGITAL INGCO"},"content":{"rendered":"<p>Resoluci\u00f3n de pantalla: 0.1 m<br \/>\nTolerancia: &lt;5%<br \/>\nRango de medici\u00f3n: 0-9999m<br \/>\nCon pantalla digital y memoria<br \/>\nCon sistema dual m\u00e9trico y de pulgada<br \/>\nCon soporte<br \/>\nFuente de alimentaci\u00f3n: bater\u00edas 2xLR3<\/p>\n","protected":false},"excerpt":{"rendered":"<p>Resoluci\u00f3n de pantalla: 0.1 m Tolerancia: &lt;5% Rango de medici\u00f3n: 0-9999m Con pantalla digital y memoria Con sistema dual m\u00e9trico y de pulgada Con soporte Fuente de alimentaci\u00f3n: bater\u00edas 2xLR3<\/p>\n","protected":false},"featured_media":744,"comment_status":"open","ping_status":"closed","template":"","meta":[],"product_cat":[52],"product_tag":[],"class_list":{"0":"post-719","1":"product","2":"type-product","3":"status-publish","4":"has-post-thumbnail","6":"product_cat-herramientas-de-medicion","7":"thunk-woo-product-list","8":"opn-qv-enable","9":"open-woo-hover-","10":"open-single-product-tab-horizontal","11":"open-shadow-","12":"open-shadow-hover-","14":"first","15":"instock","16":"shipping-taxable","17":"purchasable","18":"product-type-simple"},"_links":{"self":[{"href":"https:\/\/casaingcosur.com\/index.php?rest_route=\/wp\/v2\/product\/719","targetHints":{"allow":["GET"]}}],"collection":[{"href":"https:\/\/casaingcosur.com\/index.php?rest_route=\/wp\/v2\/product"}],"about":[{"href":"https:\/\/casaingcosur.com\/index.php?rest_route=\/wp\/v2\/types\/product"}],"replies":[{"embeddable":true,"href":"https:\/\/casaingcosur.com\/index.php?rest_route=%2Fwp%2Fv2%2Fcomments&post=719"}],"wp:featuredmedia":[{"embeddable":true,"href":"https:\/\/casaingcosur.com\/index.php?rest_route=\/wp\/v2\/media\/744"}],"wp:attachment":[{"href":"https:\/\/casaingcosur.com\/index.php?rest_route=%2Fwp%2Fv2%2Fmedia&parent=719"}],"wp:term":[{"taxonomy":"product_cat","embeddable":true,"href":"https:\/\/casaingcosur.com\/index.php?rest_route=%2Fwp%2Fv2%2Fproduct_cat&post=719"},{"taxonomy":"product_tag","embeddable":true,"href":"https:\/\/casaingcosur.com\/index.php?rest_route=%2Fwp%2Fv2%2Fproduct_tag&post=719"}],"curies":[{"name":"wp","href":"https:\/\/api.w.org\/{rel}","templated":true}]}}