{"id":704,"date":"2022-04-26T13:43:51","date_gmt":"2022-04-26T13:43:51","guid":{"rendered":"https:\/\/casaingcosur.com\/?post_type=product&#038;p=704"},"modified":"2022-04-26T14:16:07","modified_gmt":"2022-04-26T14:16:07","slug":"tecle-2-ton-ingco","status":"publish","type":"product","link":"https:\/\/casaingcosur.com\/?product=tecle-2-ton-ingco","title":{"rendered":"TECLE 2 TON INGCO"},"content":{"rendered":"<p>Peso de levantamiento de clasificaci\u00f3n: 2Ton<br \/>\nAltura de elevaci\u00f3n: 3 m<br \/>\nN\u00famero de cadena de carga: 2<br \/>\nDistancia del gancho al gancho: 380 mm<br \/>\nPala de cadena para levantar la carga completa: 345 N<br \/>\nPeso neto: 12.5 kg<\/p>\n","protected":false},"excerpt":{"rendered":"<p>Peso de levantamiento de clasificaci\u00f3n: 2Ton Altura de elevaci\u00f3n: 3 m N\u00famero de cadena de carga: 2 Distancia del gancho al gancho: 380 mm Pala de cadena para levantar la carga completa: 345 N Peso neto: 12.5 kg<\/p>\n","protected":false},"featured_media":733,"comment_status":"open","ping_status":"closed","template":"","meta":[],"product_cat":[34],"product_tag":[],"class_list":{"0":"post-704","1":"product","2":"type-product","3":"status-publish","4":"has-post-thumbnail","6":"product_cat-herramientas-manuales","7":"thunk-woo-product-list","8":"opn-qv-enable","9":"open-woo-hover-","10":"open-single-product-tab-horizontal","11":"open-shadow-","12":"open-shadow-hover-","14":"first","15":"instock","16":"shipping-taxable","17":"purchasable","18":"product-type-simple"},"_links":{"self":[{"href":"https:\/\/casaingcosur.com\/index.php?rest_route=\/wp\/v2\/product\/704","targetHints":{"allow":["GET"]}}],"collection":[{"href":"https:\/\/casaingcosur.com\/index.php?rest_route=\/wp\/v2\/product"}],"about":[{"href":"https:\/\/casaingcosur.com\/index.php?rest_route=\/wp\/v2\/types\/product"}],"replies":[{"embeddable":true,"href":"https:\/\/casaingcosur.com\/index.php?rest_route=%2Fwp%2Fv2%2Fcomments&post=704"}],"wp:featuredmedia":[{"embeddable":true,"href":"https:\/\/casaingcosur.com\/index.php?rest_route=\/wp\/v2\/media\/733"}],"wp:attachment":[{"href":"https:\/\/casaingcosur.com\/index.php?rest_route=%2Fwp%2Fv2%2Fmedia&parent=704"}],"wp:term":[{"taxonomy":"product_cat","embeddable":true,"href":"https:\/\/casaingcosur.com\/index.php?rest_route=%2Fwp%2Fv2%2Fproduct_cat&post=704"},{"taxonomy":"product_tag","embeddable":true,"href":"https:\/\/casaingcosur.com\/index.php?rest_route=%2Fwp%2Fv2%2Fproduct_tag&post=704"}],"curies":[{"name":"wp","href":"https:\/\/api.w.org\/{rel}","templated":true}]}}