{"id":653,"date":"2022-04-26T13:43:38","date_gmt":"2022-04-26T13:43:38","guid":{"rendered":"https:\/\/casaingcosur.com\/?post_type=product&#038;p=653"},"modified":"2022-04-26T14:16:06","modified_gmt":"2022-04-26T14:16:06","slug":"set-de-rodillos-4-12-en-1-ingco","status":"publish","type":"product","link":"https:\/\/casaingcosur.com\/?product=set-de-rodillos-4-12-en-1-ingco","title":{"rendered":"SET DE RODILLOS  4&#8243; 12 EN 1 INGCO"},"content":{"rendered":"<p>Material: espuma de acr\u00edlico + poli\u00e9ster<br \/>\nTama\u00f1o: 100 mm \/ 4 \u00bb<br \/>\nConveniente para la pared interna y la superficie lisa<br \/>\nMango central de 6 mm<br \/>\nCon mini rodillos de acr\u00edlico 5pcs 12mm<br \/>\nCon 5pcs rodillos de espuma de poli\u00e9ster<br \/>\nEmbalado por doble ampolla<\/p>\n","protected":false},"excerpt":{"rendered":"<p>Material: espuma de acr\u00edlico + poli\u00e9ster Tama\u00f1o: 100 mm \/ 4 \u00bb Conveniente para la pared interna y la superficie lisa Mango central de 6 mm Con mini rodillos de acr\u00edlico 5pcs 12mm Con 5pcs rodillos de espuma de poli\u00e9ster Embalado por doble ampolla<\/p>\n","protected":false},"featured_media":679,"comment_status":"open","ping_status":"closed","template":"","meta":[],"product_cat":[34],"product_tag":[],"class_list":{"0":"post-653","1":"product","2":"type-product","3":"status-publish","4":"has-post-thumbnail","6":"product_cat-herramientas-manuales","7":"thunk-woo-product-list","8":"opn-qv-enable","9":"open-woo-hover-","10":"open-single-product-tab-horizontal","11":"open-shadow-","12":"open-shadow-hover-","14":"first","15":"instock","16":"shipping-taxable","17":"purchasable","18":"product-type-simple"},"_links":{"self":[{"href":"https:\/\/casaingcosur.com\/index.php?rest_route=\/wp\/v2\/product\/653","targetHints":{"allow":["GET"]}}],"collection":[{"href":"https:\/\/casaingcosur.com\/index.php?rest_route=\/wp\/v2\/product"}],"about":[{"href":"https:\/\/casaingcosur.com\/index.php?rest_route=\/wp\/v2\/types\/product"}],"replies":[{"embeddable":true,"href":"https:\/\/casaingcosur.com\/index.php?rest_route=%2Fwp%2Fv2%2Fcomments&post=653"}],"wp:featuredmedia":[{"embeddable":true,"href":"https:\/\/casaingcosur.com\/index.php?rest_route=\/wp\/v2\/media\/679"}],"wp:attachment":[{"href":"https:\/\/casaingcosur.com\/index.php?rest_route=%2Fwp%2Fv2%2Fmedia&parent=653"}],"wp:term":[{"taxonomy":"product_cat","embeddable":true,"href":"https:\/\/casaingcosur.com\/index.php?rest_route=%2Fwp%2Fv2%2Fproduct_cat&post=653"},{"taxonomy":"product_tag","embeddable":true,"href":"https:\/\/casaingcosur.com\/index.php?rest_route=%2Fwp%2Fv2%2Fproduct_tag&post=653"}],"curies":[{"name":"wp","href":"https:\/\/api.w.org\/{rel}","templated":true}]}}