{"id":651,"date":"2022-04-26T13:43:38","date_gmt":"2022-04-26T13:43:38","guid":{"rendered":"https:\/\/casaingcosur.com\/?post_type=product&#038;p=651"},"modified":"2022-04-26T14:16:06","modified_gmt":"2022-04-26T14:16:06","slug":"caja-de-herramientas-162-pcs-ingco","status":"publish","type":"product","link":"https:\/\/casaingcosur.com\/?product=caja-de-herramientas-162-pcs-ingco","title":{"rendered":"CAJA DE HERRAMIENTAS 162 PCS INGCO"},"content":{"rendered":"<p>Juego de herramientas de 162 piezas<br \/>\nParte del pecho<br \/>\nCon cajones de 7 piezas.<br \/>\nTama\u00f1o total \uff1a 765x465x812mm<br \/>\nEn general, con ruedas de tama\u00f1o \uff1a 765x465x976mm<br \/>\nTama\u00f1o de las ruedas: 5 \u00ab* 2&#8243;<br \/>\nEspesor del gabinete: 0.8-1.0mm<br \/>\nGrosor del caj\u00f3n: 0.7mm.<br \/>\nCon 5 unids 536x410x74.5mm caj\u00f3n<br \/>\nCon 2 unids 536x410x153.5mm caj\u00f3n<br \/>\nParte de las herramientas:<br \/>\nCajon 1<br \/>\nIncluido:<br \/>\n1 Unids llave de trinquete: 1\/4 \u00bb<br \/>\n13Pcs 1\/4 \u00absocket 4-4.5-5-5.5-6-7-8-9-10-11-12-13-14<br \/>\n17Pcs 1\/4 \u00abx 32 (L) bits Socket: Hexagonal: 3-4-5-6mm Estrella: T8-T10-T15-T20-T25-T30 SL: 4-5.5-7mm, PH1, PH2, PZ1, PZ2<br \/>\n8Pcs 1\/4 \u00abDR 50mm (L) Socket profundo: 6-7-8-9-10-11-12-13mm<br \/>\nBarra de extensi\u00f3n 2 piezas: 1\/4 \u00abDr. X 50 mm, 1\/4\u00bb Dr. x 100mm<br \/>\n1 unids mango giratorio: 1\/4 \u00abx150mm<br \/>\nBarra flexible de extensi\u00f3n 1 piezas: 1\/4 \u00abx 150 mm<br \/>\n1 Unids 1\/4 \u00abJunta universal<br \/>\n1 piezas de barra deslizante en \u00abT\u00bb: 1\/4 \u00abx 114 mm<br \/>\nLlave de trinquete 1PCS: 1\/2 \u00bb<br \/>\n1 Unids 1\/2 \u00abJunta universal<br \/>\n19Pcs 1\/2 \u00abDR Socket: 8-10-11-12-13-14-15-16-17-18-19-20-21-22-23-24-27-30-32mm<br \/>\n4 piezas 1\/2 \u00abDR 77mm (L) Conector profundo: 14-15-17-19mm<br \/>\n5 piezas 1\/2 \u00abStar Socket: E10 12 14 16 20<br \/>\nConector de buj\u00eda 2 piezas: 1\/2 \u00abDr.16mm -21mm<br \/>\n1 Unids 1\/2 \u00ab* 250mm barra deslizante en T<br \/>\n2Pcs Barra de extensi\u00f3n: 1\/2 \u00abDr. X 125 mm, 1\/2\u00bb Dr. x 250mm<br \/>\nCajon 2<br \/>\nIncluido:<br \/>\n14 Unids destornillador: SL3 * 75, SL4 * 100, SL5.5 * 100, SL6.5 * 38, SL6.5 * 125, SL6.5 * 150, SL8 * 200, PH0 * 75, PH1 * 75, PH1 * 100 , PH2 * 38, PH2 * 125, PH2 * 150, PH3 * 200<br \/>\nLlave hexagonal de 4 piezas con mango en T: 3x100mm, 4x100mm, 5x150mm, 6x150mm<br \/>\n1 unids linterna<\/p>\n","protected":false},"excerpt":{"rendered":"<p>Juego de herramientas de 162 piezas Parte del pecho Con cajones de 7 piezas. Tama\u00f1o total \uff1a 765x465x812mm En general, con ruedas de tama\u00f1o \uff1a 765x465x976mm Tama\u00f1o de las ruedas: 5 \u00ab* 2&#8243; Espesor del gabinete: 0.8-1.0mm Grosor del caj\u00f3n: 0.7mm. Con 5 unids 536x410x74.5mm caj\u00f3n Con 2 unids 536x410x153.5mm caj\u00f3n Parte de las herramientas: &hellip;<\/p>\n<p class=\"read-more\"> <a class=\" thunk-readmore button \" href=\"https:\/\/casaingcosur.com\/?product=caja-de-herramientas-162-pcs-ingco\"> <span class=\"screen-reader-text\">CAJA DE HERRAMIENTAS 162 PCS INGCO<\/span>Leer m\u00e1s<\/a><\/p>\n","protected":false},"featured_media":677,"comment_status":"open","ping_status":"closed","template":"","meta":[],"product_cat":[34],"product_tag":[],"class_list":{"0":"post-651","1":"product","2":"type-product","3":"status-publish","4":"has-post-thumbnail","6":"product_cat-herramientas-manuales","7":"thunk-woo-product-list","8":"opn-qv-enable","9":"open-woo-hover-","10":"open-single-product-tab-horizontal","11":"open-shadow-","12":"open-shadow-hover-","14":"first","15":"instock","16":"shipping-taxable","17":"purchasable","18":"product-type-simple"},"_links":{"self":[{"href":"https:\/\/casaingcosur.com\/index.php?rest_route=\/wp\/v2\/product\/651","targetHints":{"allow":["GET"]}}],"collection":[{"href":"https:\/\/casaingcosur.com\/index.php?rest_route=\/wp\/v2\/product"}],"about":[{"href":"https:\/\/casaingcosur.com\/index.php?rest_route=\/wp\/v2\/types\/product"}],"replies":[{"embeddable":true,"href":"https:\/\/casaingcosur.com\/index.php?rest_route=%2Fwp%2Fv2%2Fcomments&post=651"}],"wp:featuredmedia":[{"embeddable":true,"href":"https:\/\/casaingcosur.com\/index.php?rest_route=\/wp\/v2\/media\/677"}],"wp:attachment":[{"href":"https:\/\/casaingcosur.com\/index.php?rest_route=%2Fwp%2Fv2%2Fmedia&parent=651"}],"wp:term":[{"taxonomy":"product_cat","embeddable":true,"href":"https:\/\/casaingcosur.com\/index.php?rest_route=%2Fwp%2Fv2%2Fproduct_cat&post=651"},{"taxonomy":"product_tag","embeddable":true,"href":"https:\/\/casaingcosur.com\/index.php?rest_route=%2Fwp%2Fv2%2Fproduct_tag&post=651"}],"curies":[{"name":"wp","href":"https:\/\/api.w.org\/{rel}","templated":true}]}}