{"id":649,"date":"2022-04-26T13:43:38","date_gmt":"2022-04-26T13:43:38","guid":{"rendered":"https:\/\/casaingcosur.com\/?post_type=product&#038;p=649"},"modified":"2022-04-26T14:16:06","modified_gmt":"2022-04-26T14:16:06","slug":"bandeja-para-pintar-ingco","status":"publish","type":"product","link":"https:\/\/casaingcosur.com\/?product=bandeja-para-pintar-ingco","title":{"rendered":"BANDEJA PARA PINTAR INGCO"},"content":{"rendered":"<p>Material puro<br \/>\nPeso neto: 395g<br \/>\nTama\u00f1o: 435 * 300 * 75mm<br \/>\nCombina con un cepillo cil\u00edndrico de 9 pulgadas<br \/>\nCon funci\u00f3n de marca de volumen.<br \/>\nBandeja de pintura de dise\u00f1o \u00fanico INGCO<br \/>\nDise\u00f1o de canal de flujo especial<\/p>\n","protected":false},"excerpt":{"rendered":"<p>Material puro Peso neto: 395g Tama\u00f1o: 435 * 300 * 75mm Combina con un cepillo cil\u00edndrico de 9 pulgadas Con funci\u00f3n de marca de volumen. Bandeja de pintura de dise\u00f1o \u00fanico INGCO Dise\u00f1o de canal de flujo especial<\/p>\n","protected":false},"featured_media":675,"comment_status":"open","ping_status":"closed","template":"","meta":[],"product_cat":[63,34],"product_tag":[],"class_list":{"0":"post-649","1":"product","2":"type-product","3":"status-publish","4":"has-post-thumbnail","6":"product_cat-bandejas-para-pintar","7":"product_cat-herramientas-manuales","8":"thunk-woo-product-list","9":"opn-qv-enable","10":"open-woo-hover-","11":"open-single-product-tab-horizontal","12":"open-shadow-","13":"open-shadow-hover-","15":"first","16":"instock","17":"shipping-taxable","18":"purchasable","19":"product-type-simple"},"_links":{"self":[{"href":"https:\/\/casaingcosur.com\/index.php?rest_route=\/wp\/v2\/product\/649","targetHints":{"allow":["GET"]}}],"collection":[{"href":"https:\/\/casaingcosur.com\/index.php?rest_route=\/wp\/v2\/product"}],"about":[{"href":"https:\/\/casaingcosur.com\/index.php?rest_route=\/wp\/v2\/types\/product"}],"replies":[{"embeddable":true,"href":"https:\/\/casaingcosur.com\/index.php?rest_route=%2Fwp%2Fv2%2Fcomments&post=649"}],"wp:featuredmedia":[{"embeddable":true,"href":"https:\/\/casaingcosur.com\/index.php?rest_route=\/wp\/v2\/media\/675"}],"wp:attachment":[{"href":"https:\/\/casaingcosur.com\/index.php?rest_route=%2Fwp%2Fv2%2Fmedia&parent=649"}],"wp:term":[{"taxonomy":"product_cat","embeddable":true,"href":"https:\/\/casaingcosur.com\/index.php?rest_route=%2Fwp%2Fv2%2Fproduct_cat&post=649"},{"taxonomy":"product_tag","embeddable":true,"href":"https:\/\/casaingcosur.com\/index.php?rest_route=%2Fwp%2Fv2%2Fproduct_tag&post=649"}],"curies":[{"name":"wp","href":"https:\/\/api.w.org\/{rel}","templated":true}]}}