{"id":642,"date":"2022-04-26T13:43:38","date_gmt":"2022-04-26T13:43:38","guid":{"rendered":"https:\/\/casaingcosur.com\/?post_type=product&#038;p=642"},"modified":"2022-04-26T14:16:05","modified_gmt":"2022-04-26T14:16:05","slug":"rodillo-9-expansible-ingco","status":"publish","type":"product","link":"https:\/\/casaingcosur.com\/?product=rodillo-9-expansible-ingco","title":{"rendered":"RODILLO 9&#8243; EXPANSIBLE INGCO"},"content":{"rendered":"<p>Material: Micro fibra<br \/>\nTama\u00f1o: 230 mm \/ 9 \u00bb<br \/>\nAltura de fibra: 12 mm<br \/>\nAdecuado para pared interior<br \/>\nMini longitud: 440 mm<br \/>\nLongitud m\u00e1xima: 880 mm<br \/>\nCon la cubierta del rodillo 1pcs<br \/>\nCon 4pcs asistente de ca\u00f1a<br \/>\nMango central de 8 mm<br \/>\nCon 3 partes de tubo de aluminio telesc\u00f3pico<\/p>\n","protected":false},"excerpt":{"rendered":"<p>Material: Micro fibra Tama\u00f1o: 230 mm \/ 9 \u00bb Altura de fibra: 12 mm Adecuado para pared interior Mini longitud: 440 mm Longitud m\u00e1xima: 880 mm Con la cubierta del rodillo 1pcs Con 4pcs asistente de ca\u00f1a Mango central de 8 mm Con 3 partes de tubo de aluminio telesc\u00f3pico<\/p>\n","protected":false},"featured_media":670,"comment_status":"open","ping_status":"closed","template":"","meta":[],"product_cat":[34],"product_tag":[],"class_list":{"0":"post-642","1":"product","2":"type-product","3":"status-publish","4":"has-post-thumbnail","6":"product_cat-herramientas-manuales","7":"thunk-woo-product-list","8":"opn-qv-enable","9":"open-woo-hover-","10":"open-single-product-tab-horizontal","11":"open-shadow-","12":"open-shadow-hover-","14":"first","15":"instock","16":"shipping-taxable","17":"purchasable","18":"product-type-simple"},"_links":{"self":[{"href":"https:\/\/casaingcosur.com\/index.php?rest_route=\/wp\/v2\/product\/642","targetHints":{"allow":["GET"]}}],"collection":[{"href":"https:\/\/casaingcosur.com\/index.php?rest_route=\/wp\/v2\/product"}],"about":[{"href":"https:\/\/casaingcosur.com\/index.php?rest_route=\/wp\/v2\/types\/product"}],"replies":[{"embeddable":true,"href":"https:\/\/casaingcosur.com\/index.php?rest_route=%2Fwp%2Fv2%2Fcomments&post=642"}],"wp:featuredmedia":[{"embeddable":true,"href":"https:\/\/casaingcosur.com\/index.php?rest_route=\/wp\/v2\/media\/670"}],"wp:attachment":[{"href":"https:\/\/casaingcosur.com\/index.php?rest_route=%2Fwp%2Fv2%2Fmedia&parent=642"}],"wp:term":[{"taxonomy":"product_cat","embeddable":true,"href":"https:\/\/casaingcosur.com\/index.php?rest_route=%2Fwp%2Fv2%2Fproduct_cat&post=642"},{"taxonomy":"product_tag","embeddable":true,"href":"https:\/\/casaingcosur.com\/index.php?rest_route=%2Fwp%2Fv2%2Fproduct_tag&post=642"}],"curies":[{"name":"wp","href":"https:\/\/api.w.org\/{rel}","templated":true}]}}