{"id":608,"date":"2022-04-26T13:43:28","date_gmt":"2022-04-26T13:43:28","guid":{"rendered":"https:\/\/casaingcosur.com\/?post_type=product&#038;p=608"},"modified":"2022-04-26T14:16:05","modified_gmt":"2022-04-26T14:16:05","slug":"prensa-f-120x300mm-industrial-ingco","status":"publish","type":"product","link":"https:\/\/casaingcosur.com\/?product=prensa-f-120x300mm-industrial-ingco","title":{"rendered":"PRENSA F 120X300MM INDUSTRIAL INGCO"},"content":{"rendered":"<p>Tama\u00f1o de la abrazadera: 120x300mm<br \/>\nFuerza de sujeci\u00f3n m\u00e1xima: 450KGS<br \/>\nGrosor y ancho de la regla de hierro: 8X30mm.<\/p>\n<p>Di\u00e1metro de la rosca: 15.3mm<\/p>\n","protected":false},"excerpt":{"rendered":"<p>Tama\u00f1o de la abrazadera: 120x300mm Fuerza de sujeci\u00f3n m\u00e1xima: 450KGS Grosor y ancho de la regla de hierro: 8X30mm. Di\u00e1metro de la rosca: 15.3mm<\/p>\n","protected":false},"featured_media":634,"comment_status":"open","ping_status":"closed","template":"","meta":[],"product_cat":[34],"product_tag":[],"class_list":{"0":"post-608","1":"product","2":"type-product","3":"status-publish","4":"has-post-thumbnail","6":"product_cat-herramientas-manuales","7":"thunk-woo-product-list","8":"opn-qv-enable","9":"open-woo-hover-","10":"open-single-product-tab-horizontal","11":"open-shadow-","12":"open-shadow-hover-","14":"first","15":"instock","16":"shipping-taxable","17":"purchasable","18":"product-type-simple"},"_links":{"self":[{"href":"https:\/\/casaingcosur.com\/index.php?rest_route=\/wp\/v2\/product\/608","targetHints":{"allow":["GET"]}}],"collection":[{"href":"https:\/\/casaingcosur.com\/index.php?rest_route=\/wp\/v2\/product"}],"about":[{"href":"https:\/\/casaingcosur.com\/index.php?rest_route=\/wp\/v2\/types\/product"}],"replies":[{"embeddable":true,"href":"https:\/\/casaingcosur.com\/index.php?rest_route=%2Fwp%2Fv2%2Fcomments&post=608"}],"wp:featuredmedia":[{"embeddable":true,"href":"https:\/\/casaingcosur.com\/index.php?rest_route=\/wp\/v2\/media\/634"}],"wp:attachment":[{"href":"https:\/\/casaingcosur.com\/index.php?rest_route=%2Fwp%2Fv2%2Fmedia&parent=608"}],"wp:term":[{"taxonomy":"product_cat","embeddable":true,"href":"https:\/\/casaingcosur.com\/index.php?rest_route=%2Fwp%2Fv2%2Fproduct_cat&post=608"},{"taxonomy":"product_tag","embeddable":true,"href":"https:\/\/casaingcosur.com\/index.php?rest_route=%2Fwp%2Fv2%2Fproduct_tag&post=608"}],"curies":[{"name":"wp","href":"https:\/\/api.w.org\/{rel}","templated":true}]}}