{"id":546,"date":"2022-04-26T13:43:20","date_gmt":"2022-04-26T13:43:20","guid":{"rendered":"https:\/\/casaingcosur.com\/?post_type=product&#038;p=546"},"modified":"2022-04-26T14:16:03","modified_gmt":"2022-04-26T14:16:03","slug":"llave-de-tubo-36-industrial-ingco","status":"publish","type":"product","link":"https:\/\/casaingcosur.com\/?product=llave-de-tubo-36-industrial-ingco","title":{"rendered":"LLAVE DE TUBO 36&#8243; INDUSTRIAL INGCO"},"content":{"rendered":"<p>Tama\u00f1o: 36 \u00bb<br \/>\nDi\u00e1metro m\u00e1ximo de sujeci\u00f3n: 85mm<br \/>\nMand\u00edbula m\u00f3vil forjada con acero al carbono de alta calidad<br \/>\nInactivar el tratamiento<br \/>\nMaterial del cuerpo: fundici\u00f3n d\u00factil<br \/>\nAcabado y pulido en negro<br \/>\nRemache s\u00f3lido<\/p>\n","protected":false},"excerpt":{"rendered":"<p>Tama\u00f1o: 36 \u00bb Di\u00e1metro m\u00e1ximo de sujeci\u00f3n: 85mm Mand\u00edbula m\u00f3vil forjada con acero al carbono de alta calidad Inactivar el tratamiento Material del cuerpo: fundici\u00f3n d\u00factil Acabado y pulido en negro Remache s\u00f3lido<\/p>\n","protected":false},"featured_media":570,"comment_status":"open","ping_status":"closed","template":"","meta":[],"product_cat":[34],"product_tag":[],"class_list":{"0":"post-546","1":"product","2":"type-product","3":"status-publish","4":"has-post-thumbnail","6":"product_cat-herramientas-manuales","7":"thunk-woo-product-list","8":"opn-qv-enable","9":"open-woo-hover-","10":"open-single-product-tab-horizontal","11":"open-shadow-","12":"open-shadow-hover-","14":"first","15":"instock","16":"shipping-taxable","17":"purchasable","18":"product-type-simple"},"_links":{"self":[{"href":"https:\/\/casaingcosur.com\/index.php?rest_route=\/wp\/v2\/product\/546","targetHints":{"allow":["GET"]}}],"collection":[{"href":"https:\/\/casaingcosur.com\/index.php?rest_route=\/wp\/v2\/product"}],"about":[{"href":"https:\/\/casaingcosur.com\/index.php?rest_route=\/wp\/v2\/types\/product"}],"replies":[{"embeddable":true,"href":"https:\/\/casaingcosur.com\/index.php?rest_route=%2Fwp%2Fv2%2Fcomments&post=546"}],"wp:featuredmedia":[{"embeddable":true,"href":"https:\/\/casaingcosur.com\/index.php?rest_route=\/wp\/v2\/media\/570"}],"wp:attachment":[{"href":"https:\/\/casaingcosur.com\/index.php?rest_route=%2Fwp%2Fv2%2Fmedia&parent=546"}],"wp:term":[{"taxonomy":"product_cat","embeddable":true,"href":"https:\/\/casaingcosur.com\/index.php?rest_route=%2Fwp%2Fv2%2Fproduct_cat&post=546"},{"taxonomy":"product_tag","embeddable":true,"href":"https:\/\/casaingcosur.com\/index.php?rest_route=%2Fwp%2Fv2%2Fproduct_tag&post=546"}],"curies":[{"name":"wp","href":"https:\/\/api.w.org\/{rel}","templated":true}]}}