{"id":506,"date":"2022-04-26T13:43:10","date_gmt":"2022-04-26T13:43:10","guid":{"rendered":"https:\/\/casaingcosur.com\/?post_type=product&#038;p=506"},"modified":"2022-04-26T14:16:02","modified_gmt":"2022-04-26T14:16:02","slug":"llana-industrial-280x13mm-ingco","status":"publish","type":"product","link":"https:\/\/casaingcosur.com\/?product=llana-industrial-280x13mm-ingco","title":{"rendered":"LLANA INDUSTRIAL 280X13MM INGCO"},"content":{"rendered":"<p>Paleta de enyesado<\/p>\n<p>Tama\u00f1o: 280x130mm<br \/>\nMango de dise\u00f1o \u00fanico INGCO<\/p>\n","protected":false},"excerpt":{"rendered":"<p>Paleta de enyesado Tama\u00f1o: 280x130mm Mango de dise\u00f1o \u00fanico INGCO<\/p>\n","protected":false},"featured_media":535,"comment_status":"open","ping_status":"closed","template":"","meta":[],"product_cat":[34],"product_tag":[],"class_list":{"0":"post-506","1":"product","2":"type-product","3":"status-publish","4":"has-post-thumbnail","6":"product_cat-herramientas-manuales","7":"thunk-woo-product-list","8":"opn-qv-enable","9":"open-woo-hover-","10":"open-single-product-tab-horizontal","11":"open-shadow-","12":"open-shadow-hover-","14":"first","15":"instock","16":"shipping-taxable","17":"purchasable","18":"product-type-simple"},"_links":{"self":[{"href":"https:\/\/casaingcosur.com\/index.php?rest_route=\/wp\/v2\/product\/506","targetHints":{"allow":["GET"]}}],"collection":[{"href":"https:\/\/casaingcosur.com\/index.php?rest_route=\/wp\/v2\/product"}],"about":[{"href":"https:\/\/casaingcosur.com\/index.php?rest_route=\/wp\/v2\/types\/product"}],"replies":[{"embeddable":true,"href":"https:\/\/casaingcosur.com\/index.php?rest_route=%2Fwp%2Fv2%2Fcomments&post=506"}],"wp:featuredmedia":[{"embeddable":true,"href":"https:\/\/casaingcosur.com\/index.php?rest_route=\/wp\/v2\/media\/535"}],"wp:attachment":[{"href":"https:\/\/casaingcosur.com\/index.php?rest_route=%2Fwp%2Fv2%2Fmedia&parent=506"}],"wp:term":[{"taxonomy":"product_cat","embeddable":true,"href":"https:\/\/casaingcosur.com\/index.php?rest_route=%2Fwp%2Fv2%2Fproduct_cat&post=506"},{"taxonomy":"product_tag","embeddable":true,"href":"https:\/\/casaingcosur.com\/index.php?rest_route=%2Fwp%2Fv2%2Fproduct_tag&post=506"}],"curies":[{"name":"wp","href":"https:\/\/api.w.org\/{rel}","templated":true}]}}