{"id":487,"date":"2022-04-26T13:43:09","date_gmt":"2022-04-26T13:43:09","guid":{"rendered":"https:\/\/casaingcosur.com\/?post_type=product&#038;p=487"},"modified":"2022-04-26T14:16:01","modified_gmt":"2022-04-26T14:16:01","slug":"set-9pcs-puntas-destornillador-con-expansor-ingco","status":"publish","type":"product","link":"https:\/\/casaingcosur.com\/?product=set-9pcs-puntas-destornillador-con-expansor-ingco","title":{"rendered":"SET 9PCS PUNTAS DESTORNILLADOR CON EXPANSOR INGCO"},"content":{"rendered":"<p>Juego de 9 puntas para destornillador<br \/>\nPH1, PH2, PH3, SL4.0, SL5.5, SL6.5, PZ1, PZ2<br \/>\nMaterial: acero industrial S2<br \/>\nCon magnetico<br \/>\nIm\u00e1n fuerte<br \/>\nCon soporte para 1 broca con liberaci\u00f3n r\u00e1pida<\/p>\n","protected":false},"excerpt":{"rendered":"<p>Juego de 9 puntas para destornillador PH1, PH2, PH3, SL4.0, SL5.5, SL6.5, PZ1, PZ2 Material: acero industrial S2 Con magnetico Im\u00e1n fuerte Con soporte para 1 broca con liberaci\u00f3n r\u00e1pida<\/p>\n","protected":false},"featured_media":516,"comment_status":"open","ping_status":"closed","template":"","meta":[],"product_cat":[34],"product_tag":[],"class_list":{"0":"post-487","1":"product","2":"type-product","3":"status-publish","4":"has-post-thumbnail","6":"product_cat-herramientas-manuales","7":"thunk-woo-product-list","8":"opn-qv-enable","9":"open-woo-hover-","10":"open-single-product-tab-horizontal","11":"open-shadow-","12":"open-shadow-hover-","14":"first","15":"instock","16":"shipping-taxable","17":"purchasable","18":"product-type-simple"},"_links":{"self":[{"href":"https:\/\/casaingcosur.com\/index.php?rest_route=\/wp\/v2\/product\/487","targetHints":{"allow":["GET"]}}],"collection":[{"href":"https:\/\/casaingcosur.com\/index.php?rest_route=\/wp\/v2\/product"}],"about":[{"href":"https:\/\/casaingcosur.com\/index.php?rest_route=\/wp\/v2\/types\/product"}],"replies":[{"embeddable":true,"href":"https:\/\/casaingcosur.com\/index.php?rest_route=%2Fwp%2Fv2%2Fcomments&post=487"}],"wp:featuredmedia":[{"embeddable":true,"href":"https:\/\/casaingcosur.com\/index.php?rest_route=\/wp\/v2\/media\/516"}],"wp:attachment":[{"href":"https:\/\/casaingcosur.com\/index.php?rest_route=%2Fwp%2Fv2%2Fmedia&parent=487"}],"wp:term":[{"taxonomy":"product_cat","embeddable":true,"href":"https:\/\/casaingcosur.com\/index.php?rest_route=%2Fwp%2Fv2%2Fproduct_cat&post=487"},{"taxonomy":"product_tag","embeddable":true,"href":"https:\/\/casaingcosur.com\/index.php?rest_route=%2Fwp%2Fv2%2Fproduct_tag&post=487"}],"curies":[{"name":"wp","href":"https:\/\/api.w.org\/{rel}","templated":true}]}}