{"id":465,"date":"2022-04-26T13:43:02","date_gmt":"2022-04-26T13:43:02","guid":{"rendered":"https:\/\/casaingcosur.com\/?post_type=product&#038;p=465"},"modified":"2022-04-26T14:16:00","modified_gmt":"2022-04-26T14:16:00","slug":"brocha-4-mango-plastico-ingco","status":"publish","type":"product","link":"https:\/\/casaingcosur.com\/?product=brocha-4-mango-plastico-ingco","title":{"rendered":"BROCHA 4&#8243; MANGO PLASTICO INGCO"},"content":{"rendered":"<p>Ancho: 4 \u00bb<\/p>\n<p>Para pintura a base de aceite.<\/p>\n<p>Cerdas de alta calidad<\/p>\n<p>Mango de pl\u00e1stico de dise\u00f1o \u00fanico INGCO<br \/>\nLongitud de cerda: 70mm<\/p>\n<p>Espesor: 22 mm<\/p>\n","protected":false},"excerpt":{"rendered":"<p>Ancho: 4 \u00bb Para pintura a base de aceite. Cerdas de alta calidad Mango de pl\u00e1stico de dise\u00f1o \u00fanico INGCO Longitud de cerda: 70mm Espesor: 22 mm<\/p>\n","protected":false},"featured_media":476,"comment_status":"open","ping_status":"closed","template":"","meta":[],"product_cat":[55,34],"product_tag":[],"class_list":{"0":"post-465","1":"product","2":"type-product","3":"status-publish","4":"has-post-thumbnail","6":"product_cat-brochas","7":"product_cat-herramientas-manuales","8":"thunk-woo-product-list","9":"opn-qv-enable","10":"open-woo-hover-","11":"open-single-product-tab-horizontal","12":"open-shadow-","13":"open-shadow-hover-","15":"first","16":"instock","17":"shipping-taxable","18":"purchasable","19":"product-type-simple"},"_links":{"self":[{"href":"https:\/\/casaingcosur.com\/index.php?rest_route=\/wp\/v2\/product\/465","targetHints":{"allow":["GET"]}}],"collection":[{"href":"https:\/\/casaingcosur.com\/index.php?rest_route=\/wp\/v2\/product"}],"about":[{"href":"https:\/\/casaingcosur.com\/index.php?rest_route=\/wp\/v2\/types\/product"}],"replies":[{"embeddable":true,"href":"https:\/\/casaingcosur.com\/index.php?rest_route=%2Fwp%2Fv2%2Fcomments&post=465"}],"wp:featuredmedia":[{"embeddable":true,"href":"https:\/\/casaingcosur.com\/index.php?rest_route=\/wp\/v2\/media\/476"}],"wp:attachment":[{"href":"https:\/\/casaingcosur.com\/index.php?rest_route=%2Fwp%2Fv2%2Fmedia&parent=465"}],"wp:term":[{"taxonomy":"product_cat","embeddable":true,"href":"https:\/\/casaingcosur.com\/index.php?rest_route=%2Fwp%2Fv2%2Fproduct_cat&post=465"},{"taxonomy":"product_tag","embeddable":true,"href":"https:\/\/casaingcosur.com\/index.php?rest_route=%2Fwp%2Fv2%2Fproduct_tag&post=465"}],"curies":[{"name":"wp","href":"https:\/\/api.w.org\/{rel}","templated":true}]}}