{"id":41,"date":"2022-04-26T13:32:13","date_gmt":"2022-04-26T13:32:13","guid":{"rendered":"https:\/\/casaingcosur.com\/?post_type=product&#038;p=41"},"modified":"2022-04-26T14:15:49","modified_gmt":"2022-04-26T14:15:49","slug":"motor-13hp-gasolina-ingco","status":"publish","type":"product","link":"https:\/\/casaingcosur.com\/?product=motor-13hp-gasolina-ingco","title":{"rendered":"MOTOR 13HP GASOLINA INGCO"},"content":{"rendered":"<p>Salida m\u00e1x .: 13.0HP<br \/>\nDi\u00e1metro del \u00e1rbol de levas: 25.4mm, TIPO Q<br \/>\nMax.torque: 29Nm<br \/>\nTipo de motor: 4 tiempos, OHV<br \/>\nDesplazamiento (ml): 389<br \/>\nBorexStroke: 88X64mm<br \/>\nSistema de enfriamiento: refrigerado por aire<br \/>\nSistema de encendido: T.C.I<br \/>\nSistema de arranque: retroceso<br \/>\nTanque de combustible (L): 6.5L<br \/>\nCapacidad de aceite: 1.1L<br \/>\nConsumo de combustible: 280g \/ HP.hr<br \/>\nFunci\u00f3n de alerta de aceite<br \/>\nTrabajo como motor de accionamiento para bomba de agua, compresor y otros productos de transmisi\u00f3n por correa<\/p>\n","protected":false},"excerpt":{"rendered":"<p>Salida m\u00e1x .: 13.0HP Di\u00e1metro del \u00e1rbol de levas: 25.4mm, TIPO Q Max.torque: 29Nm Tipo de motor: 4 tiempos, OHV Desplazamiento (ml): 389 BorexStroke: 88X64mm Sistema de enfriamiento: refrigerado por aire Sistema de encendido: T.C.I Sistema de arranque: retroceso Tanque de combustible (L): 6.5L Capacidad de aceite: 1.1L Consumo de combustible: 280g \/ HP.hr Funci\u00f3n &hellip;<\/p>\n<p class=\"read-more\"> <a class=\" thunk-readmore button \" href=\"https:\/\/casaingcosur.com\/?product=motor-13hp-gasolina-ingco\"> <span class=\"screen-reader-text\">MOTOR 13HP GASOLINA INGCO<\/span>Leer m\u00e1s<\/a><\/p>\n","protected":false},"featured_media":69,"comment_status":"open","ping_status":"closed","template":"","meta":[],"product_cat":[25,26],"product_tag":[],"class_list":{"0":"post-41","1":"product","2":"type-product","3":"status-publish","4":"has-post-thumbnail","6":"product_cat-herramientas-a-combustion","7":"product_cat-motores-a-gasolina","8":"thunk-woo-product-list","9":"opn-qv-enable","10":"open-woo-hover-","11":"open-single-product-tab-horizontal","12":"open-shadow-","13":"open-shadow-hover-","15":"first","16":"instock","17":"shipping-taxable","18":"purchasable","19":"product-type-simple"},"_links":{"self":[{"href":"https:\/\/casaingcosur.com\/index.php?rest_route=\/wp\/v2\/product\/41","targetHints":{"allow":["GET"]}}],"collection":[{"href":"https:\/\/casaingcosur.com\/index.php?rest_route=\/wp\/v2\/product"}],"about":[{"href":"https:\/\/casaingcosur.com\/index.php?rest_route=\/wp\/v2\/types\/product"}],"replies":[{"embeddable":true,"href":"https:\/\/casaingcosur.com\/index.php?rest_route=%2Fwp%2Fv2%2Fcomments&post=41"}],"wp:featuredmedia":[{"embeddable":true,"href":"https:\/\/casaingcosur.com\/index.php?rest_route=\/wp\/v2\/media\/69"}],"wp:attachment":[{"href":"https:\/\/casaingcosur.com\/index.php?rest_route=%2Fwp%2Fv2%2Fmedia&parent=41"}],"wp:term":[{"taxonomy":"product_cat","embeddable":true,"href":"https:\/\/casaingcosur.com\/index.php?rest_route=%2Fwp%2Fv2%2Fproduct_cat&post=41"},{"taxonomy":"product_tag","embeddable":true,"href":"https:\/\/casaingcosur.com\/index.php?rest_route=%2Fwp%2Fv2%2Fproduct_tag&post=41"}],"curies":[{"name":"wp","href":"https:\/\/api.w.org\/{rel}","templated":true}]}}