{"id":402,"date":"2022-04-26T13:42:53","date_gmt":"2022-04-26T13:42:53","guid":{"rendered":"https:\/\/casaingcosur.com\/?post_type=product&#038;p=402"},"modified":"2022-04-26T14:15:58","modified_gmt":"2022-04-26T14:15:58","slug":"cortador-de-vidrio-aceite-1pcs-ingco","status":"publish","type":"product","link":"https:\/\/casaingcosur.com\/?product=cortador-de-vidrio-aceite-1pcs-ingco","title":{"rendered":"CORTADOR DE VIDRIO ACEITE 1PCS INGCO"},"content":{"rendered":"<p>Cortador de vidrio<br \/>\nresistente<br \/>\nCuerpo de hierro<br \/>\nCuchilla autom\u00e1tica de<br \/>\nalimentaci\u00f3n de aceite<br \/>\nCon tubo de succi\u00f3n de aceite 1pcs<br \/>\nLongitud de corte total<br \/>\n5000m \/ 1pcs hoja de la<br \/>\nrueda<br \/>\nLongitud: 178mm<\/p>\n","protected":false},"excerpt":{"rendered":"<p>Cortador de vidrio resistente Cuerpo de hierro Cuchilla autom\u00e1tica de alimentaci\u00f3n de aceite Con tubo de succi\u00f3n de aceite 1pcs Longitud de corte total 5000m \/ 1pcs hoja de la rueda Longitud: 178mm<\/p>\n","protected":false},"featured_media":427,"comment_status":"open","ping_status":"closed","template":"","meta":[],"product_cat":[34],"product_tag":[],"class_list":{"0":"post-402","1":"product","2":"type-product","3":"status-publish","4":"has-post-thumbnail","6":"product_cat-herramientas-manuales","7":"thunk-woo-product-list","8":"opn-qv-enable","9":"open-woo-hover-","10":"open-single-product-tab-horizontal","11":"open-shadow-","12":"open-shadow-hover-","14":"first","15":"instock","16":"shipping-taxable","17":"purchasable","18":"product-type-simple"},"_links":{"self":[{"href":"https:\/\/casaingcosur.com\/index.php?rest_route=\/wp\/v2\/product\/402","targetHints":{"allow":["GET"]}}],"collection":[{"href":"https:\/\/casaingcosur.com\/index.php?rest_route=\/wp\/v2\/product"}],"about":[{"href":"https:\/\/casaingcosur.com\/index.php?rest_route=\/wp\/v2\/types\/product"}],"replies":[{"embeddable":true,"href":"https:\/\/casaingcosur.com\/index.php?rest_route=%2Fwp%2Fv2%2Fcomments&post=402"}],"wp:featuredmedia":[{"embeddable":true,"href":"https:\/\/casaingcosur.com\/index.php?rest_route=\/wp\/v2\/media\/427"}],"wp:attachment":[{"href":"https:\/\/casaingcosur.com\/index.php?rest_route=%2Fwp%2Fv2%2Fmedia&parent=402"}],"wp:term":[{"taxonomy":"product_cat","embeddable":true,"href":"https:\/\/casaingcosur.com\/index.php?rest_route=%2Fwp%2Fv2%2Fproduct_cat&post=402"},{"taxonomy":"product_tag","embeddable":true,"href":"https:\/\/casaingcosur.com\/index.php?rest_route=%2Fwp%2Fv2%2Fproduct_tag&post=402"}],"curies":[{"name":"wp","href":"https:\/\/api.w.org\/{rel}","templated":true}]}}