{"id":363,"date":"2022-04-26T13:42:44","date_gmt":"2022-04-26T13:42:44","guid":{"rendered":"https:\/\/casaingcosur.com\/?post_type=product&#038;p=363"},"modified":"2022-04-26T14:15:57","modified_gmt":"2022-04-26T14:15:57","slug":"comprobador-digital-12-250v-ingco","status":"publish","type":"product","link":"https:\/\/casaingcosur.com\/?product=comprobador-digital-12-250v-ingco","title":{"rendered":"COMPROBADOR DIGITAL 12-250V INGCO"},"content":{"rendered":"<p>Voltaje de prueba: CA 12-250V \/ DC 1.5-36V<\/p>\n<p>Tama\u00f1o ranurado: 4x133mm<\/p>\n<p>Prueba de inducci\u00f3n para encontrar la l\u00ednea de fase, la l\u00ednea de tierra y el punto de ruptura de la l\u00ednea de fase<\/p>\n<p>No es necesario instalar la bater\u00eda.<\/p>\n","protected":false},"excerpt":{"rendered":"<p>Voltaje de prueba: CA 12-250V \/ DC 1.5-36V Tama\u00f1o ranurado: 4x133mm Prueba de inducci\u00f3n para encontrar la l\u00ednea de fase, la l\u00ednea de tierra y el punto de ruptura de la l\u00ednea de fase No es necesario instalar la bater\u00eda.<\/p>\n","protected":false},"featured_media":390,"comment_status":"open","ping_status":"closed","template":"","meta":[],"product_cat":[53,34],"product_tag":[],"class_list":{"0":"post-363","1":"product","2":"type-product","3":"status-publish","4":"has-post-thumbnail","6":"product_cat-comprobadores","7":"product_cat-herramientas-manuales","8":"thunk-woo-product-list","9":"opn-qv-enable","10":"open-woo-hover-","11":"open-single-product-tab-horizontal","12":"open-shadow-","13":"open-shadow-hover-","15":"first","16":"instock","17":"shipping-taxable","18":"purchasable","19":"product-type-simple"},"_links":{"self":[{"href":"https:\/\/casaingcosur.com\/index.php?rest_route=\/wp\/v2\/product\/363","targetHints":{"allow":["GET"]}}],"collection":[{"href":"https:\/\/casaingcosur.com\/index.php?rest_route=\/wp\/v2\/product"}],"about":[{"href":"https:\/\/casaingcosur.com\/index.php?rest_route=\/wp\/v2\/types\/product"}],"replies":[{"embeddable":true,"href":"https:\/\/casaingcosur.com\/index.php?rest_route=%2Fwp%2Fv2%2Fcomments&post=363"}],"wp:featuredmedia":[{"embeddable":true,"href":"https:\/\/casaingcosur.com\/index.php?rest_route=\/wp\/v2\/media\/390"}],"wp:attachment":[{"href":"https:\/\/casaingcosur.com\/index.php?rest_route=%2Fwp%2Fv2%2Fmedia&parent=363"}],"wp:term":[{"taxonomy":"product_cat","embeddable":true,"href":"https:\/\/casaingcosur.com\/index.php?rest_route=%2Fwp%2Fv2%2Fproduct_cat&post=363"},{"taxonomy":"product_tag","embeddable":true,"href":"https:\/\/casaingcosur.com\/index.php?rest_route=%2Fwp%2Fv2%2Fproduct_tag&post=363"}],"curies":[{"name":"wp","href":"https:\/\/api.w.org\/{rel}","templated":true}]}}