{"id":361,"date":"2022-04-26T13:42:44","date_gmt":"2022-04-26T13:42:44","guid":{"rendered":"https:\/\/casaingcosur.com\/?post_type=product&#038;p=361"},"modified":"2022-04-26T14:15:57","modified_gmt":"2022-04-26T14:15:57","slug":"cincel-profesional-10-ingco","status":"publish","type":"product","link":"https:\/\/casaingcosur.com\/?product=cincel-profesional-10-ingco","title":{"rendered":"CINCEL PROFESIONAL 10&#8243;  INGCO"},"content":{"rendered":"<p>Mango de estilo INGCO<br \/>\nTama\u00f1o de la cabeza: 22 mm<br \/>\nTama\u00f1o de la manija: 16mm<br \/>\nLongitud: 250mm<br \/>\nMaterial: 45 # acero al carbono<br \/>\nCa\u00edda forjada y tratamiento t\u00e9rmico.<br \/>\nEmbalado por la suspensi\u00f3n de pl\u00e1stico<\/p>\n","protected":false},"excerpt":{"rendered":"<p>Mango de estilo INGCO Tama\u00f1o de la cabeza: 22 mm Tama\u00f1o de la manija: 16mm Longitud: 250mm Material: 45 # acero al carbono Ca\u00edda forjada y tratamiento t\u00e9rmico. Embalado por la suspensi\u00f3n de pl\u00e1stico<\/p>\n","protected":false},"featured_media":388,"comment_status":"open","ping_status":"closed","template":"","meta":[],"product_cat":[34],"product_tag":[],"class_list":{"0":"post-361","1":"product","2":"type-product","3":"status-publish","4":"has-post-thumbnail","6":"product_cat-herramientas-manuales","7":"thunk-woo-product-list","8":"opn-qv-enable","9":"open-woo-hover-","10":"open-single-product-tab-horizontal","11":"open-shadow-","12":"open-shadow-hover-","14":"first","15":"instock","16":"shipping-taxable","17":"purchasable","18":"product-type-simple"},"_links":{"self":[{"href":"https:\/\/casaingcosur.com\/index.php?rest_route=\/wp\/v2\/product\/361","targetHints":{"allow":["GET"]}}],"collection":[{"href":"https:\/\/casaingcosur.com\/index.php?rest_route=\/wp\/v2\/product"}],"about":[{"href":"https:\/\/casaingcosur.com\/index.php?rest_route=\/wp\/v2\/types\/product"}],"replies":[{"embeddable":true,"href":"https:\/\/casaingcosur.com\/index.php?rest_route=%2Fwp%2Fv2%2Fcomments&post=361"}],"wp:featuredmedia":[{"embeddable":true,"href":"https:\/\/casaingcosur.com\/index.php?rest_route=\/wp\/v2\/media\/388"}],"wp:attachment":[{"href":"https:\/\/casaingcosur.com\/index.php?rest_route=%2Fwp%2Fv2%2Fmedia&parent=361"}],"wp:term":[{"taxonomy":"product_cat","embeddable":true,"href":"https:\/\/casaingcosur.com\/index.php?rest_route=%2Fwp%2Fv2%2Fproduct_cat&post=361"},{"taxonomy":"product_tag","embeddable":true,"href":"https:\/\/casaingcosur.com\/index.php?rest_route=%2Fwp%2Fv2%2Fproduct_tag&post=361"}],"curies":[{"name":"wp","href":"https:\/\/api.w.org\/{rel}","templated":true}]}}