{"id":359,"date":"2022-04-26T13:42:44","date_gmt":"2022-04-26T13:42:44","guid":{"rendered":"https:\/\/casaingcosur.com\/?post_type=product&#038;p=359"},"modified":"2022-04-26T14:15:57","modified_gmt":"2022-04-26T14:15:57","slug":"cincel-profesional-12-ingco","status":"publish","type":"product","link":"https:\/\/casaingcosur.com\/?product=cincel-profesional-12-ingco","title":{"rendered":"CINCEL PROFESIONAL 12&#8243;  INGCO"},"content":{"rendered":"<p>Manija estilo INGCO<br \/>\nTama\u00f1o de la cabeza: 24 mm<br \/>\nTama\u00f1o de la manija: 18 mm Longitud: 300 mm<br \/>\nMaterial: acero al carbono 45 #<br \/>\ntratamiento t\u00e9rmico<\/p>\n","protected":false},"excerpt":{"rendered":"<p>Manija estilo INGCO Tama\u00f1o de la cabeza: 24 mm Tama\u00f1o de la manija: 18 mm Longitud: 300 mm Material: acero al carbono 45 # tratamiento t\u00e9rmico<\/p>\n","protected":false},"featured_media":386,"comment_status":"open","ping_status":"closed","template":"","meta":[],"product_cat":[34],"product_tag":[],"class_list":{"0":"post-359","1":"product","2":"type-product","3":"status-publish","4":"has-post-thumbnail","6":"product_cat-herramientas-manuales","7":"thunk-woo-product-list","8":"opn-qv-enable","9":"open-woo-hover-","10":"open-single-product-tab-horizontal","11":"open-shadow-","12":"open-shadow-hover-","14":"first","15":"instock","16":"shipping-taxable","17":"purchasable","18":"product-type-simple"},"_links":{"self":[{"href":"https:\/\/casaingcosur.com\/index.php?rest_route=\/wp\/v2\/product\/359","targetHints":{"allow":["GET"]}}],"collection":[{"href":"https:\/\/casaingcosur.com\/index.php?rest_route=\/wp\/v2\/product"}],"about":[{"href":"https:\/\/casaingcosur.com\/index.php?rest_route=\/wp\/v2\/types\/product"}],"replies":[{"embeddable":true,"href":"https:\/\/casaingcosur.com\/index.php?rest_route=%2Fwp%2Fv2%2Fcomments&post=359"}],"wp:featuredmedia":[{"embeddable":true,"href":"https:\/\/casaingcosur.com\/index.php?rest_route=\/wp\/v2\/media\/386"}],"wp:attachment":[{"href":"https:\/\/casaingcosur.com\/index.php?rest_route=%2Fwp%2Fv2%2Fmedia&parent=359"}],"wp:term":[{"taxonomy":"product_cat","embeddable":true,"href":"https:\/\/casaingcosur.com\/index.php?rest_route=%2Fwp%2Fv2%2Fproduct_cat&post=359"},{"taxonomy":"product_tag","embeddable":true,"href":"https:\/\/casaingcosur.com\/index.php?rest_route=%2Fwp%2Fv2%2Fproduct_tag&post=359"}],"curies":[{"name":"wp","href":"https:\/\/api.w.org\/{rel}","templated":true}]}}