{"id":353,"date":"2022-04-26T13:42:43","date_gmt":"2022-04-26T13:42:43","guid":{"rendered":"https:\/\/casaingcosur.com\/?post_type=product&#038;p=353"},"modified":"2022-04-26T14:15:57","modified_gmt":"2022-04-26T14:15:57","slug":"cable-de-refuerzo-200amp-ingco","status":"publish","type":"product","link":"https:\/\/casaingcosur.com\/?product=cable-de-refuerzo-200amp-ingco","title":{"rendered":"CABLE DE REFUERZO 200AMP INGCO"},"content":{"rendered":"<p>Corriente: 200 AMP<\/p>\n<p>tama\u00f1o de la abrazadera: 14x9cm<\/p>\n<p>Material del cable: cobre recubierto<\/p>\n<p>Cable de di\u00e1metro exterior: 8 mm<\/p>\n<p>La longitud del cable: 2,5 m<\/p>\n<p>Adecuado para la emisi\u00f3n del coche \u22641.8L<\/p>\n","protected":false},"excerpt":{"rendered":"<p>Corriente: 200 AMP tama\u00f1o de la abrazadera: 14x9cm Material del cable: cobre recubierto Cable de di\u00e1metro exterior: 8 mm La longitud del cable: 2,5 m Adecuado para la emisi\u00f3n del coche \u22641.8L<\/p>\n","protected":false},"featured_media":381,"comment_status":"open","ping_status":"closed","template":"","meta":[],"product_cat":[21,50],"product_tag":[],"class_list":{"0":"post-353","1":"product","2":"type-product","3":"status-publish","4":"has-post-thumbnail","6":"product_cat-accesorios","7":"product_cat-automotriz","8":"thunk-woo-product-list","9":"opn-qv-enable","10":"open-woo-hover-","11":"open-single-product-tab-horizontal","12":"open-shadow-","13":"open-shadow-hover-","15":"first","16":"instock","17":"shipping-taxable","18":"purchasable","19":"product-type-simple"},"_links":{"self":[{"href":"https:\/\/casaingcosur.com\/index.php?rest_route=\/wp\/v2\/product\/353","targetHints":{"allow":["GET"]}}],"collection":[{"href":"https:\/\/casaingcosur.com\/index.php?rest_route=\/wp\/v2\/product"}],"about":[{"href":"https:\/\/casaingcosur.com\/index.php?rest_route=\/wp\/v2\/types\/product"}],"replies":[{"embeddable":true,"href":"https:\/\/casaingcosur.com\/index.php?rest_route=%2Fwp%2Fv2%2Fcomments&post=353"}],"wp:featuredmedia":[{"embeddable":true,"href":"https:\/\/casaingcosur.com\/index.php?rest_route=\/wp\/v2\/media\/381"}],"wp:attachment":[{"href":"https:\/\/casaingcosur.com\/index.php?rest_route=%2Fwp%2Fv2%2Fmedia&parent=353"}],"wp:term":[{"taxonomy":"product_cat","embeddable":true,"href":"https:\/\/casaingcosur.com\/index.php?rest_route=%2Fwp%2Fv2%2Fproduct_cat&post=353"},{"taxonomy":"product_tag","embeddable":true,"href":"https:\/\/casaingcosur.com\/index.php?rest_route=%2Fwp%2Fv2%2Fproduct_tag&post=353"}],"curies":[{"name":"wp","href":"https:\/\/api.w.org\/{rel}","templated":true}]}}