{"id":306,"date":"2022-04-26T13:42:27","date_gmt":"2022-04-26T13:42:27","guid":{"rendered":"https:\/\/casaingcosur.com\/?post_type=product&#038;p=306"},"modified":"2022-04-26T14:15:55","modified_gmt":"2022-04-26T14:15:55","slug":"manguera-para-vibrador-38mmx6m-ingco","status":"publish","type":"product","link":"https:\/\/casaingcosur.com\/?product=manguera-para-vibrador-38mmx6m-ingco","title":{"rendered":"MANGUERA PARA VIBRADOR 38MMX6M INGCO."},"content":{"rendered":"<p>Di\u00e1metro: 38mm<\/p>\n<p>Longitud de la cabeza: 580mm<\/p>\n<p>Guarnici\u00f3n tipo garra<\/p>\n<p>Frecuencia de vibraci\u00f3n: 200Hz<\/p>\n<p>Ampitude vibrante: 1.2mm<\/p>\n<p>Longitud de la manguera flexible: 6 m<\/p>\n<p>Embalado por caja de cart\u00f3n<\/p>\n","protected":false},"excerpt":{"rendered":"<p>Di\u00e1metro: 38mm Longitud de la cabeza: 580mm Guarnici\u00f3n tipo garra Frecuencia de vibraci\u00f3n: 200Hz Ampitude vibrante: 1.2mm Longitud de la manguera flexible: 6 m Embalado por caja de cart\u00f3n<\/p>\n","protected":false},"featured_media":332,"comment_status":"open","ping_status":"closed","template":"","meta":[],"product_cat":[21,46],"product_tag":[],"class_list":{"0":"post-306","1":"product","2":"type-product","3":"status-publish","4":"has-post-thumbnail","6":"product_cat-accesorios","7":"product_cat-vibradores","8":"thunk-woo-product-list","9":"opn-qv-enable","10":"open-woo-hover-","11":"open-single-product-tab-horizontal","12":"open-shadow-","13":"open-shadow-hover-","15":"first","16":"instock","17":"shipping-taxable","18":"purchasable","19":"product-type-simple"},"_links":{"self":[{"href":"https:\/\/casaingcosur.com\/index.php?rest_route=\/wp\/v2\/product\/306","targetHints":{"allow":["GET"]}}],"collection":[{"href":"https:\/\/casaingcosur.com\/index.php?rest_route=\/wp\/v2\/product"}],"about":[{"href":"https:\/\/casaingcosur.com\/index.php?rest_route=\/wp\/v2\/types\/product"}],"replies":[{"embeddable":true,"href":"https:\/\/casaingcosur.com\/index.php?rest_route=%2Fwp%2Fv2%2Fcomments&post=306"}],"wp:featuredmedia":[{"embeddable":true,"href":"https:\/\/casaingcosur.com\/index.php?rest_route=\/wp\/v2\/media\/332"}],"wp:attachment":[{"href":"https:\/\/casaingcosur.com\/index.php?rest_route=%2Fwp%2Fv2%2Fmedia&parent=306"}],"wp:term":[{"taxonomy":"product_cat","embeddable":true,"href":"https:\/\/casaingcosur.com\/index.php?rest_route=%2Fwp%2Fv2%2Fproduct_cat&post=306"},{"taxonomy":"product_tag","embeddable":true,"href":"https:\/\/casaingcosur.com\/index.php?rest_route=%2Fwp%2Fv2%2Fproduct_tag&post=306"}],"curies":[{"name":"wp","href":"https:\/\/api.w.org\/{rel}","templated":true}]}}