{"id":303,"date":"2022-04-26T13:42:27","date_gmt":"2022-04-26T13:42:27","guid":{"rendered":"https:\/\/casaingcosur.com\/?post_type=product&#038;p=303"},"modified":"2022-04-26T14:15:55","modified_gmt":"2022-04-26T14:15:55","slug":"super-glue-3g-ingco-12-unidades","status":"publish","type":"product","link":"https:\/\/casaingcosur.com\/?product=super-glue-3g-ingco-12-unidades","title":{"rendered":"SUPER GLUE 3G INGCO 12 UNIDADES"},"content":{"rendered":"<p>Material: pegamento 100% de pureza<\/p>\n<p>Tiempo de endurecimiento: 10 segundos Peso neto: 3g<\/p>\n<p>Dos a\u00f1os de garant\u00eda 3 partes de gorra grande<\/p>\n<p>Color: Claro<\/p>\n<p>Aplicaci\u00f3n: Pl\u00e1sticos, cuero, metal, cer\u00e1mica y madera. 12 Unids \/ set<\/p>\n","protected":false},"excerpt":{"rendered":"<p>Material: pegamento 100% de pureza Tiempo de endurecimiento: 10 segundos Peso neto: 3g Dos a\u00f1os de garant\u00eda 3 partes de gorra grande Color: Claro Aplicaci\u00f3n: Pl\u00e1sticos, cuero, metal, cer\u00e1mica y madera. 12 Unids \/ set<\/p>\n","protected":false},"featured_media":329,"comment_status":"open","ping_status":"closed","template":"","meta":[],"product_cat":[21],"product_tag":[],"class_list":{"0":"post-303","1":"product","2":"type-product","3":"status-publish","4":"has-post-thumbnail","6":"product_cat-accesorios","7":"thunk-woo-product-list","8":"opn-qv-enable","9":"open-woo-hover-","10":"open-single-product-tab-horizontal","11":"open-shadow-","12":"open-shadow-hover-","14":"first","15":"instock","16":"shipping-taxable","17":"purchasable","18":"product-type-simple"},"_links":{"self":[{"href":"https:\/\/casaingcosur.com\/index.php?rest_route=\/wp\/v2\/product\/303","targetHints":{"allow":["GET"]}}],"collection":[{"href":"https:\/\/casaingcosur.com\/index.php?rest_route=\/wp\/v2\/product"}],"about":[{"href":"https:\/\/casaingcosur.com\/index.php?rest_route=\/wp\/v2\/types\/product"}],"replies":[{"embeddable":true,"href":"https:\/\/casaingcosur.com\/index.php?rest_route=%2Fwp%2Fv2%2Fcomments&post=303"}],"wp:featuredmedia":[{"embeddable":true,"href":"https:\/\/casaingcosur.com\/index.php?rest_route=\/wp\/v2\/media\/329"}],"wp:attachment":[{"href":"https:\/\/casaingcosur.com\/index.php?rest_route=%2Fwp%2Fv2%2Fmedia&parent=303"}],"wp:term":[{"taxonomy":"product_cat","embeddable":true,"href":"https:\/\/casaingcosur.com\/index.php?rest_route=%2Fwp%2Fv2%2Fproduct_cat&post=303"},{"taxonomy":"product_tag","embeddable":true,"href":"https:\/\/casaingcosur.com\/index.php?rest_route=%2Fwp%2Fv2%2Fproduct_tag&post=303"}],"curies":[{"name":"wp","href":"https:\/\/api.w.org\/{rel}","templated":true}]}}