{"id":29,"date":"2022-04-26T13:32:13","date_gmt":"2022-04-26T13:32:13","guid":{"rendered":"https:\/\/casaingcosur.com\/?post_type=product&#038;p=29"},"modified":"2022-04-26T14:15:48","modified_gmt":"2022-04-26T14:15:48","slug":"aspiradora-1400w-30l-ingco","status":"publish","type":"product","link":"https:\/\/casaingcosur.com\/?product=aspiradora-1400w-30l-ingco","title":{"rendered":"ASPIRADORA 1400W\/ 30L INGCO"},"content":{"rendered":"<p>Voltaje: 110V-120V ~ 60Hz<\/p>\n<p>Potencia de entrada: 1400W<\/p>\n<p>Flujo de aire: 1.9CBM \/ Min<\/p>\n<p>Presi\u00f3n de vac\u00edo: 16-18KPa<\/p>\n<p>Capacidad de polvo: 30L<\/p>\n<p>Sin toma de herramientas el\u00e9ctricas<\/p>\n<p>Material del tanque: acero inoxidable<\/p>\n<p>Callow de la energ\u00eda: los 1.8m<\/p>\n<p>Limpieza h\u00fameda y seca<\/p>\n<p>Manguera flexible 1pcs<\/p>\n<p>Cepillo de piso 1pcs<\/p>\n<p>Tubo de pl\u00e1stico 1pcs<\/p>\n<p>1 unids filtro HEPA<\/p>\n","protected":false},"excerpt":{"rendered":"<p>Voltaje: 110V-120V ~ 60Hz Potencia de entrada: 1400W Flujo de aire: 1.9CBM \/ Min Presi\u00f3n de vac\u00edo: 16-18KPa Capacidad de polvo: 30L Sin toma de herramientas el\u00e9ctricas Material del tanque: acero inoxidable Callow de la energ\u00eda: los 1.8m Limpieza h\u00fameda y seca Manguera flexible 1pcs Cepillo de piso 1pcs Tubo de pl\u00e1stico 1pcs 1 unids &hellip;<\/p>\n<p class=\"read-more\"> <a class=\" thunk-readmore button \" href=\"https:\/\/casaingcosur.com\/?product=aspiradora-1400w-30l-ingco\"> <span class=\"screen-reader-text\">ASPIRADORA 1400W\/ 30L INGCO<\/span>Leer m\u00e1s<\/a><\/p>\n","protected":false},"featured_media":58,"comment_status":"open","ping_status":"closed","template":"","meta":[],"product_cat":[20,18],"product_tag":[],"class_list":{"0":"post-29","1":"product","2":"type-product","3":"status-publish","4":"has-post-thumbnail","6":"product_cat-aspiradoras","7":"product_cat-herramientas-electricas","8":"thunk-woo-product-list","9":"opn-qv-enable","10":"open-woo-hover-","11":"open-single-product-tab-horizontal","12":"open-shadow-","13":"open-shadow-hover-","15":"first","16":"instock","17":"shipping-taxable","18":"purchasable","19":"product-type-simple"},"_links":{"self":[{"href":"https:\/\/casaingcosur.com\/index.php?rest_route=\/wp\/v2\/product\/29","targetHints":{"allow":["GET"]}}],"collection":[{"href":"https:\/\/casaingcosur.com\/index.php?rest_route=\/wp\/v2\/product"}],"about":[{"href":"https:\/\/casaingcosur.com\/index.php?rest_route=\/wp\/v2\/types\/product"}],"replies":[{"embeddable":true,"href":"https:\/\/casaingcosur.com\/index.php?rest_route=%2Fwp%2Fv2%2Fcomments&post=29"}],"wp:featuredmedia":[{"embeddable":true,"href":"https:\/\/casaingcosur.com\/index.php?rest_route=\/wp\/v2\/media\/58"}],"wp:attachment":[{"href":"https:\/\/casaingcosur.com\/index.php?rest_route=%2Fwp%2Fv2%2Fmedia&parent=29"}],"wp:term":[{"taxonomy":"product_cat","embeddable":true,"href":"https:\/\/casaingcosur.com\/index.php?rest_route=%2Fwp%2Fv2%2Fproduct_cat&post=29"},{"taxonomy":"product_tag","embeddable":true,"href":"https:\/\/casaingcosur.com\/index.php?rest_route=%2Fwp%2Fv2%2Fproduct_tag&post=29"}],"curies":[{"name":"wp","href":"https:\/\/api.w.org\/{rel}","templated":true}]}}