{"id":22,"date":"2022-04-26T13:32:12","date_gmt":"2022-04-26T13:32:12","guid":{"rendered":"https:\/\/casaingcosur.com\/?post_type=product&#038;p=22"},"modified":"2022-04-26T14:15:48","modified_gmt":"2022-04-26T14:15:48","slug":"tronzadora-2350w-3800rpm-ingco","status":"publish","type":"product","link":"https:\/\/casaingcosur.com\/?product=tronzadora-2350w-3800rpm-ingco","title":{"rendered":"TRONZADORA 2350W 3800RPM INGCO"},"content":{"rendered":"<p>Voltaje: 110-120V ~ 60Hz<\/p>\n<p>Potencia de entrada: 2350W<\/p>\n<p>Tama\u00f1o de la hoja: 355&#215;25.4x3mm<\/p>\n<p>Velocidad sin carga: 3800rpm<\/p>\n<p>Capacidad m\u00e1xima de corte: 100mm en tubo redondo 100X100mm en acero cuadrado 120X100mm en rectangel<\/p>\n<p>Barra de acero de corte m\u00e1x .: 30mm<\/p>\n<p>Con 1pcs 355mm disco de corte<\/p>\n","protected":false},"excerpt":{"rendered":"<p>Voltaje: 110-120V ~ 60Hz Potencia de entrada: 2350W Tama\u00f1o de la hoja: 355&#215;25.4x3mm Velocidad sin carga: 3800rpm Capacidad m\u00e1xima de corte: 100mm en tubo redondo 100X100mm en acero cuadrado 120X100mm en rectangel Barra de acero de corte m\u00e1x .: 30mm Con 1pcs 355mm disco de corte<\/p>\n","protected":false},"featured_media":52,"comment_status":"open","ping_status":"closed","template":"","meta":[],"product_cat":[18],"product_tag":[],"class_list":{"0":"post-22","1":"product","2":"type-product","3":"status-publish","4":"has-post-thumbnail","6":"product_cat-herramientas-electricas","7":"thunk-woo-product-list","8":"opn-qv-enable","9":"open-woo-hover-","10":"open-single-product-tab-horizontal","11":"open-shadow-","12":"open-shadow-hover-","14":"first","15":"instock","16":"shipping-taxable","17":"purchasable","18":"product-type-simple"},"_links":{"self":[{"href":"https:\/\/casaingcosur.com\/index.php?rest_route=\/wp\/v2\/product\/22","targetHints":{"allow":["GET"]}}],"collection":[{"href":"https:\/\/casaingcosur.com\/index.php?rest_route=\/wp\/v2\/product"}],"about":[{"href":"https:\/\/casaingcosur.com\/index.php?rest_route=\/wp\/v2\/types\/product"}],"replies":[{"embeddable":true,"href":"https:\/\/casaingcosur.com\/index.php?rest_route=%2Fwp%2Fv2%2Fcomments&post=22"}],"wp:featuredmedia":[{"embeddable":true,"href":"https:\/\/casaingcosur.com\/index.php?rest_route=\/wp\/v2\/media\/52"}],"wp:attachment":[{"href":"https:\/\/casaingcosur.com\/index.php?rest_route=%2Fwp%2Fv2%2Fmedia&parent=22"}],"wp:term":[{"taxonomy":"product_cat","embeddable":true,"href":"https:\/\/casaingcosur.com\/index.php?rest_route=%2Fwp%2Fv2%2Fproduct_cat&post=22"},{"taxonomy":"product_tag","embeddable":true,"href":"https:\/\/casaingcosur.com\/index.php?rest_route=%2Fwp%2Fv2%2Fproduct_tag&post=22"}],"curies":[{"name":"wp","href":"https:\/\/api.w.org\/{rel}","templated":true}]}}